{"id":83,"date":"2024-09-19T23:05:32","date_gmt":"2024-09-19T21:05:32","guid":{"rendered":"https:\/\/digisa.net\/?page_id=83"},"modified":"2024-09-19T23:16:07","modified_gmt":"2024-09-19T21:16:07","slug":"about-us","status":"publish","type":"page","link":"https:\/\/digisa.net\/fr\/about-us\/","title":{"rendered":"L'entreprise"},"content":{"rendered":"<p style=\"padding-right:var(--wp--preset--spacing--60);padding-left:var(--wp--preset--spacing--60)\">Depuis 2011, Digisa.net est un partenaire de confiance pour les entreprises qui cherchent \u00e0 \u00e9tablir une forte pr\u00e9sence en ligne. Notre \u00e9quipe d'experts a pour passion de cr\u00e9er des solutions num\u00e9riques innovantes qui g\u00e9n\u00e8rent des r\u00e9sultats.<\/p>\n\n\n\n<blockquote class=\"wp-block-quote is-layout-flow wp-container-core-quote-is-layout-8a368f38 wp-block-quote-is-layout-flow\">\n<p style=\"padding-right:var(--wp--preset--spacing--60);padding-left:var(--wp--preset--spacing--60)\"><strong>Notre histoire<\/strong><\/p>\n<\/blockquote>\n\n\n\n<p style=\"padding-right:var(--wp--preset--spacing--60);padding-left:var(--wp--preset--spacing--60)\">Fond\u00e9e sur les principes de cr\u00e9ativit\u00e9, d\u2019innovation et d\u2019orientation client, Digisa.net est pass\u00e9e d\u2019une petite start-up \u00e0 une agence num\u00e9rique de premier plan \u00e0 [votre emplacement]. Notre parcours a commenc\u00e9 avec un objectif simple : aider les entreprises \u00e0 r\u00e9ussir dans le paysage num\u00e9rique. Au fil des ans, nous avons eu le privil\u00e8ge de travailler avec un large \u00e9ventail de clients, des petites start-ups aux grandes entreprises, et avons d\u00e9velopp\u00e9 une compr\u00e9hension approfondie de ce qu\u2019il faut pour r\u00e9ussir en ligne.<\/p>\n\n\n\n<blockquote class=\"wp-block-quote is-layout-flow wp-container-core-quote-is-layout-8a368f38 wp-block-quote-is-layout-flow\">\n<p class=\"has-text-align-left\" style=\"padding-right:var(--wp--preset--spacing--60);padding-left:var(--wp--preset--spacing--60)\"><strong>Nos Services<\/strong><\/p>\n<\/blockquote>\n\n\n\n<p style=\"padding-right:var(--wp--preset--spacing--60);padding-left:var(--wp--preset--spacing--60)\">Chez Digisa.net, nous proposons une gamme compl\u00e8te de services num\u00e9riques con\u00e7us pour aider les entreprises \u00e0 atteindre leurs objectifs. Nos services comprennent : * Cr\u00e9ation de sites Web : nous concevons et d\u00e9veloppons des sites Web personnalis\u00e9s visuellement \u00e9poustouflants, conviviaux et optimis\u00e9s pour les moteurs de recherche. * Gestion de sites Web : notre \u00e9quipe assure la maintenance et les mises \u00e0 jour continues pour garantir que votre site Web reste s\u00e9curis\u00e9, rapide et \u00e0 jour. * Marketing num\u00e9rique : nous aidons les clients \u00e0 promouvoir leur pr\u00e9sence en ligne via divers canaux num\u00e9riques, notamment les m\u00e9dias sociaux, le r\u00e9f\u00e9rencement et la publicit\u00e9 PPC. * Gestion de sites Web : nous g\u00e9rons \u00e9galement les sites Web des clients, en fournissant un support technique, des mises \u00e0 jour de contenu et un suivi analytique.<\/p>\n\n\n\n<blockquote class=\"wp-block-quote is-layout-flow wp-container-core-quote-is-layout-8a368f38 wp-block-quote-is-layout-flow\">\n<p class=\"has-text-align-left\" style=\"padding-right:var(--wp--preset--spacing--60);padding-left:var(--wp--preset--spacing--60)\"><strong>Nos valeurs<\/strong><\/p>\n<\/blockquote>\n\n\n\n<p style=\"padding-right:var(--wp--preset--spacing--60);padding-left:var(--wp--preset--spacing--60)\">Chez Digisa.net, nous nous engageons \u00e0 fournir des r\u00e9sultats exceptionnels, \u00e0 \u00e9tablir des relations \u00e0 long terme et \u00e0 garder une longueur d\u2019avance dans un paysage num\u00e9rique en constante \u00e9volution. Nos valeurs incluent : * Cr\u00e9ativit\u00e9 : Nous pensons que la pens\u00e9e innovante et la r\u00e9solution cr\u00e9ative de probl\u00e8mes sont essentielles pour obtenir des r\u00e9sultats exceptionnels. * Orientation client : Nous mettons nos clients au c\u0153ur de tout ce que nous faisons, en veillant \u00e0 ce que leurs besoins et leurs objectifs soient toujours notre priorit\u00e9 absolue. * Collaboration : Nous pensons que le travail d\u2019\u00e9quipe et la communication ouverte sont essentiels pour obtenir des r\u00e9sultats exceptionnels et \u00e9tablir des relations solides. * Int\u00e9grit\u00e9 : Nous nous engageons \u00e0 la transparence, \u00e0 l\u2019honn\u00eatet\u00e9 et \u00e0 l\u2019\u00e9quit\u00e9 dans toutes nos relations avec nos clients et partenaires.  <\/p>\n\n\n\n<blockquote class=\"wp-block-quote is-layout-flow wp-container-core-quote-is-layout-8a368f38 wp-block-quote-is-layout-flow\">\n<p class=\"has-text-align-left\" style=\"padding-right:var(--wp--preset--spacing--60);padding-left:var(--wp--preset--spacing--60)\"><strong>Rencontrez notre \u00e9quipe<\/strong><\/p>\n<\/blockquote>\n\n\n\n<p style=\"padding-right:var(--wp--preset--spacing--60);padding-left:var(--wp--preset--spacing--60)\">Notre \u00e9quipe d'experts est passionn\u00e9e par le marketing num\u00e9rique et s'efforce d'obtenir des r\u00e9sultats exceptionnels. Avec une exp\u00e9rience combin\u00e9e de [nombre] ann\u00e9es, nous avons d\u00e9velopp\u00e9 une compr\u00e9hension approfondie de ce qu'il faut pour r\u00e9ussir en ligne. Rencontrez les membres de notre \u00e9quipe et apprenez-en plus sur leurs domaines d'expertise.<\/p>\n\n\n\n<blockquote class=\"wp-block-quote is-layout-flow wp-container-core-quote-is-layout-8a368f38 wp-block-quote-is-layout-flow\">\n<p class=\"has-text-align-left\" style=\"padding-right:var(--wp--preset--spacing--60);padding-left:var(--wp--preset--spacing--60)\"><strong>Entrer en contact<\/strong><\/p>\n<\/blockquote>\n\n\n\n<p style=\"padding-right:var(--wp--preset--spacing--60);padding-left:var(--wp--preset--spacing--60)\">Pr\u00eat \u00e0 faire passer votre entreprise au niveau sup\u00e9rieur ? Contactez-nous d\u00e8s aujourd'hui pour en savoir plus sur nos services et sur la mani\u00e8re dont nous pouvons vous aider \u00e0 atteindre vos objectifs.<\/p>","protected":false},"excerpt":{"rendered":"<p>Since 2011, Digisa.net has been a trusted partner for businesses looking to establish a strong [&hellip;]<\/p>","protected":false},"author":1,"featured_media":0,"parent":0,"menu_order":0,"comment_status":"closed","ping_status":"closed","template":"","meta":{"footnotes":""},"class_list":["post-83","page","type-page","status-publish","hentry"],"yoast_head":"<!-- This site is optimized with the Yoast SEO plugin v27.5 - https:\/\/yoast.com\/product\/yoast-seo-wordpress\/ -->\n<title>About us - digisa.net<\/title>\n<meta name=\"robots\" content=\"index, follow, max-snippet:-1, max-image-preview:large, max-video-preview:-1\" \/>\n<link rel=\"canonical\" href=\"https:\/\/digisa.net\/fr\/about-us\/\" \/>\n<meta property=\"og:locale\" content=\"fr_FR\" \/>\n<meta property=\"og:type\" content=\"article\" \/>\n<meta property=\"og:title\" content=\"About us - digisa.net\" \/>\n<meta property=\"og:description\" content=\"Since 2011, Digisa.net has been a trusted partner for businesses looking to establish a strong [&hellip;]\" \/>\n<meta property=\"og:url\" content=\"https:\/\/digisa.net\/fr\/about-us\/\" \/>\n<meta property=\"og:site_name\" content=\"digisa.net\" \/>\n<meta property=\"article:modified_time\" content=\"2024-09-19T21:16:07+00:00\" \/>\n<meta name=\"twitter:card\" content=\"summary_large_image\" \/>\n<meta name=\"twitter:label1\" content=\"Dur\u00e9e de lecture estim\u00e9e\" \/>\n\t<meta name=\"twitter:data1\" content=\"2 minutes\" \/>\n<script type=\"application\/ld+json\" class=\"yoast-schema-graph\">{\"@context\":\"https:\\\/\\\/schema.org\",\"@graph\":[{\"@type\":\"WebPage\",\"@id\":\"https:\\\/\\\/digisa.net\\\/about-us\\\/\",\"url\":\"https:\\\/\\\/digisa.net\\\/about-us\\\/\",\"name\":\"About us - digisa.net\",\"isPartOf\":{\"@id\":\"https:\\\/\\\/digisa.net\\\/fr\\\/#website\"},\"datePublished\":\"2024-09-19T21:05:32+00:00\",\"dateModified\":\"2024-09-19T21:16:07+00:00\",\"breadcrumb\":{\"@id\":\"https:\\\/\\\/digisa.net\\\/about-us\\\/#breadcrumb\"},\"inLanguage\":\"fr-FR\",\"potentialAction\":[{\"@type\":\"ReadAction\",\"target\":[\"https:\\\/\\\/digisa.net\\\/about-us\\\/\"]}]},{\"@type\":\"BreadcrumbList\",\"@id\":\"https:\\\/\\\/digisa.net\\\/about-us\\\/#breadcrumb\",\"itemListElement\":[{\"@type\":\"ListItem\",\"position\":1,\"name\":\"Home\",\"item\":\"https:\\\/\\\/digisa.net\\\/fr\\\/\"},{\"@type\":\"ListItem\",\"position\":2,\"name\":\"About us\"}]},{\"@type\":\"WebSite\",\"@id\":\"https:\\\/\\\/digisa.net\\\/fr\\\/#website\",\"url\":\"https:\\\/\\\/digisa.net\\\/fr\\\/\",\"name\":\"digisa.net\",\"description\":\"digital agancy\",\"potentialAction\":[{\"@type\":\"SearchAction\",\"target\":{\"@type\":\"EntryPoint\",\"urlTemplate\":\"https:\\\/\\\/digisa.net\\\/fr\\\/?s={search_term_string}\"},\"query-input\":{\"@type\":\"PropertyValueSpecification\",\"valueRequired\":true,\"valueName\":\"search_term_string\"}}],\"inLanguage\":\"fr-FR\"}]}<\/script>\n<!-- \/ Yoast SEO plugin. -->","yoast_head_json":{"title":"About us - digisa.net","robots":{"index":"index","follow":"follow","max-snippet":"max-snippet:-1","max-image-preview":"max-image-preview:large","max-video-preview":"max-video-preview:-1"},"canonical":"https:\/\/digisa.net\/fr\/about-us\/","og_locale":"fr_FR","og_type":"article","og_title":"About us - digisa.net","og_description":"Since 2011, Digisa.net has been a trusted partner for businesses looking to establish a strong [&hellip;]","og_url":"https:\/\/digisa.net\/fr\/about-us\/","og_site_name":"digisa.net","article_modified_time":"2024-09-19T21:16:07+00:00","twitter_card":"summary_large_image","twitter_misc":{"Dur\u00e9e de lecture estim\u00e9e":"2 minutes"},"schema":{"@context":"https:\/\/schema.org","@graph":[{"@type":"WebPage","@id":"https:\/\/digisa.net\/about-us\/","url":"https:\/\/digisa.net\/about-us\/","name":"About us - digisa.net","isPartOf":{"@id":"https:\/\/digisa.net\/fr\/#website"},"datePublished":"2024-09-19T21:05:32+00:00","dateModified":"2024-09-19T21:16:07+00:00","breadcrumb":{"@id":"https:\/\/digisa.net\/about-us\/#breadcrumb"},"inLanguage":"fr-FR","potentialAction":[{"@type":"ReadAction","target":["https:\/\/digisa.net\/about-us\/"]}]},{"@type":"BreadcrumbList","@id":"https:\/\/digisa.net\/about-us\/#breadcrumb","itemListElement":[{"@type":"ListItem","position":1,"name":"Home","item":"https:\/\/digisa.net\/fr\/"},{"@type":"ListItem","position":2,"name":"About us"}]},{"@type":"WebSite","@id":"https:\/\/digisa.net\/fr\/#website","url":"https:\/\/digisa.net\/fr\/","name":"digisa.net","description":"digital agancy","potentialAction":[{"@type":"SearchAction","target":{"@type":"EntryPoint","urlTemplate":"https:\/\/digisa.net\/fr\/?s={search_term_string}"},"query-input":{"@type":"PropertyValueSpecification","valueRequired":true,"valueName":"search_term_string"}}],"inLanguage":"fr-FR"}]}},"_links":{"self":[{"href":"https:\/\/digisa.net\/fr\/wp-json\/wp\/v2\/pages\/83","targetHints":{"allow":["GET"]}}],"collection":[{"href":"https:\/\/digisa.net\/fr\/wp-json\/wp\/v2\/pages"}],"about":[{"href":"https:\/\/digisa.net\/fr\/wp-json\/wp\/v2\/types\/page"}],"author":[{"embeddable":true,"href":"https:\/\/digisa.net\/fr\/wp-json\/wp\/v2\/users\/1"}],"replies":[{"embeddable":true,"href":"https:\/\/digisa.net\/fr\/wp-json\/wp\/v2\/comments?post=83"}],"version-history":[{"count":0,"href":"https:\/\/digisa.net\/fr\/wp-json\/wp\/v2\/pages\/83\/revisions"}],"wp:attachment":[{"href":"https:\/\/digisa.net\/fr\/wp-json\/wp\/v2\/media?parent=83"}],"curies":[{"name":"wp","href":"https:\/\/api.w.org\/{rel}","templated":true}]}}