{"id":8,"date":"2024-09-15T23:26:53","date_gmt":"2024-09-15T21:26:53","guid":{"rendered":"https:\/\/digisa.net\/?page_id=8"},"modified":"2024-09-20T12:49:54","modified_gmt":"2024-09-20T10:49:54","slug":"strategy-work","status":"publish","type":"page","link":"https:\/\/digisa.net\/fr\/strategy-work\/","title":{"rendered":"Travail de strat\u00e9gie"},"content":{"rendered":"<p style=\"padding-right:var(--wp--preset--spacing--70);padding-left:var(--wp--preset--spacing--70)\">La strat\u00e9gie Web est une \u00e9tape importante et fondamentale pour la r\u00e9ussite de tout projet de site Web. Elle garantit que la conception, le contenu et la technologie de votre site Web sont structur\u00e9s pour offrir de meilleurs r\u00e9sultats commerciaux en tenant compte d'une s\u00e9rie de facteurs holistiques.<br><br><br><\/p>","protected":false},"excerpt":{"rendered":"<p>Web strategy is an important and fundamental step to any successful website project. It ensures [&hellip;]<\/p>","protected":false},"author":1,"featured_media":0,"parent":0,"menu_order":0,"comment_status":"closed","ping_status":"closed","template":"","meta":{"footnotes":""},"class_list":["post-8","page","type-page","status-publish","hentry"],"yoast_head":"<!-- This site is optimized with the Yoast SEO plugin v27.5 - https:\/\/yoast.com\/product\/yoast-seo-wordpress\/ -->\n<title>Strategy Work - digisa.net<\/title>\n<meta name=\"robots\" content=\"index, follow, max-snippet:-1, max-image-preview:large, max-video-preview:-1\" \/>\n<link rel=\"canonical\" href=\"https:\/\/digisa.net\/fr\/strategy-work\/\" \/>\n<meta property=\"og:locale\" content=\"fr_FR\" \/>\n<meta property=\"og:type\" content=\"article\" \/>\n<meta property=\"og:title\" content=\"Strategy Work - digisa.net\" \/>\n<meta property=\"og:description\" content=\"Web strategy is an important and fundamental step to any successful website project. It ensures [&hellip;]\" \/>\n<meta property=\"og:url\" content=\"https:\/\/digisa.net\/fr\/strategy-work\/\" \/>\n<meta property=\"og:site_name\" content=\"digisa.net\" \/>\n<meta property=\"article:modified_time\" content=\"2024-09-20T10:49:54+00:00\" \/>\n<meta name=\"twitter:card\" content=\"summary_large_image\" \/>\n<script type=\"application\/ld+json\" class=\"yoast-schema-graph\">{\"@context\":\"https:\\\/\\\/schema.org\",\"@graph\":[{\"@type\":\"WebPage\",\"@id\":\"https:\\\/\\\/digisa.net\\\/strategy-work\\\/\",\"url\":\"https:\\\/\\\/digisa.net\\\/strategy-work\\\/\",\"name\":\"Strategy Work - digisa.net\",\"isPartOf\":{\"@id\":\"https:\\\/\\\/digisa.net\\\/fr\\\/#website\"},\"datePublished\":\"2024-09-15T21:26:53+00:00\",\"dateModified\":\"2024-09-20T10:49:54+00:00\",\"breadcrumb\":{\"@id\":\"https:\\\/\\\/digisa.net\\\/strategy-work\\\/#breadcrumb\"},\"inLanguage\":\"fr-FR\",\"potentialAction\":[{\"@type\":\"ReadAction\",\"target\":[\"https:\\\/\\\/digisa.net\\\/strategy-work\\\/\"]}]},{\"@type\":\"BreadcrumbList\",\"@id\":\"https:\\\/\\\/digisa.net\\\/strategy-work\\\/#breadcrumb\",\"itemListElement\":[{\"@type\":\"ListItem\",\"position\":1,\"name\":\"Home\",\"item\":\"https:\\\/\\\/digisa.net\\\/fr\\\/\"},{\"@type\":\"ListItem\",\"position\":2,\"name\":\"Strategy Work\"}]},{\"@type\":\"WebSite\",\"@id\":\"https:\\\/\\\/digisa.net\\\/fr\\\/#website\",\"url\":\"https:\\\/\\\/digisa.net\\\/fr\\\/\",\"name\":\"digisa.net\",\"description\":\"digital agancy\",\"potentialAction\":[{\"@type\":\"SearchAction\",\"target\":{\"@type\":\"EntryPoint\",\"urlTemplate\":\"https:\\\/\\\/digisa.net\\\/fr\\\/?s={search_term_string}\"},\"query-input\":{\"@type\":\"PropertyValueSpecification\",\"valueRequired\":true,\"valueName\":\"search_term_string\"}}],\"inLanguage\":\"fr-FR\"}]}<\/script>\n<!-- \/ Yoast SEO plugin. -->","yoast_head_json":{"title":"Strategy Work - digisa.net","robots":{"index":"index","follow":"follow","max-snippet":"max-snippet:-1","max-image-preview":"max-image-preview:large","max-video-preview":"max-video-preview:-1"},"canonical":"https:\/\/digisa.net\/fr\/strategy-work\/","og_locale":"fr_FR","og_type":"article","og_title":"Strategy Work - digisa.net","og_description":"Web strategy is an important and fundamental step to any successful website project. It ensures [&hellip;]","og_url":"https:\/\/digisa.net\/fr\/strategy-work\/","og_site_name":"digisa.net","article_modified_time":"2024-09-20T10:49:54+00:00","twitter_card":"summary_large_image","schema":{"@context":"https:\/\/schema.org","@graph":[{"@type":"WebPage","@id":"https:\/\/digisa.net\/strategy-work\/","url":"https:\/\/digisa.net\/strategy-work\/","name":"Strategy Work - digisa.net","isPartOf":{"@id":"https:\/\/digisa.net\/fr\/#website"},"datePublished":"2024-09-15T21:26:53+00:00","dateModified":"2024-09-20T10:49:54+00:00","breadcrumb":{"@id":"https:\/\/digisa.net\/strategy-work\/#breadcrumb"},"inLanguage":"fr-FR","potentialAction":[{"@type":"ReadAction","target":["https:\/\/digisa.net\/strategy-work\/"]}]},{"@type":"BreadcrumbList","@id":"https:\/\/digisa.net\/strategy-work\/#breadcrumb","itemListElement":[{"@type":"ListItem","position":1,"name":"Home","item":"https:\/\/digisa.net\/fr\/"},{"@type":"ListItem","position":2,"name":"Strategy Work"}]},{"@type":"WebSite","@id":"https:\/\/digisa.net\/fr\/#website","url":"https:\/\/digisa.net\/fr\/","name":"digisa.net","description":"digital agancy","potentialAction":[{"@type":"SearchAction","target":{"@type":"EntryPoint","urlTemplate":"https:\/\/digisa.net\/fr\/?s={search_term_string}"},"query-input":{"@type":"PropertyValueSpecification","valueRequired":true,"valueName":"search_term_string"}}],"inLanguage":"fr-FR"}]}},"_links":{"self":[{"href":"https:\/\/digisa.net\/fr\/wp-json\/wp\/v2\/pages\/8","targetHints":{"allow":["GET"]}}],"collection":[{"href":"https:\/\/digisa.net\/fr\/wp-json\/wp\/v2\/pages"}],"about":[{"href":"https:\/\/digisa.net\/fr\/wp-json\/wp\/v2\/types\/page"}],"author":[{"embeddable":true,"href":"https:\/\/digisa.net\/fr\/wp-json\/wp\/v2\/users\/1"}],"replies":[{"embeddable":true,"href":"https:\/\/digisa.net\/fr\/wp-json\/wp\/v2\/comments?post=8"}],"version-history":[{"count":0,"href":"https:\/\/digisa.net\/fr\/wp-json\/wp\/v2\/pages\/8\/revisions"}],"wp:attachment":[{"href":"https:\/\/digisa.net\/fr\/wp-json\/wp\/v2\/media?parent=8"}],"curies":[{"name":"wp","href":"https:\/\/api.w.org\/{rel}","templated":true}]}}