{"id":26,"date":"2024-09-15T23:49:12","date_gmt":"2024-09-15T21:49:12","guid":{"rendered":"https:\/\/digisa.net\/?page_id=26"},"modified":"2024-09-20T12:52:31","modified_gmt":"2024-09-20T10:52:31","slug":"easy-module","status":"publish","type":"page","link":"https:\/\/digisa.net\/fr\/easy-module\/","title":{"rendered":"Module facile"},"content":{"rendered":"<p style=\"padding-right:var(--wp--preset--spacing--70);padding-left:var(--wp--preset--spacing--70)\">La conception modulaire est un type de planification de site Web qui divise l\u2019espace en lignes et colonnes de taille fixe, cr\u00e9ant ainsi une s\u00e9rie de modules. Ne consid\u00e9rez pas la page comme un seul \u00e9l\u00e9ment.<\/p>","protected":false},"excerpt":{"rendered":"<p>Modular design is a type of website planning that divides the space into fixed-size rows [&hellip;]<\/p>","protected":false},"author":1,"featured_media":0,"parent":0,"menu_order":0,"comment_status":"closed","ping_status":"closed","template":"","meta":{"footnotes":""},"class_list":["post-26","page","type-page","status-publish","hentry"],"yoast_head":"<!-- This site is optimized with the Yoast SEO plugin v27.5 - https:\/\/yoast.com\/product\/yoast-seo-wordpress\/ -->\n<title>Easy module - digisa.net<\/title>\n<meta name=\"robots\" content=\"index, follow, max-snippet:-1, max-image-preview:large, max-video-preview:-1\" \/>\n<link rel=\"canonical\" href=\"https:\/\/digisa.net\/fr\/easy-module\/\" \/>\n<meta property=\"og:locale\" content=\"fr_FR\" \/>\n<meta property=\"og:type\" content=\"article\" \/>\n<meta property=\"og:title\" content=\"Easy module - digisa.net\" \/>\n<meta property=\"og:description\" content=\"Modular design is a type of website planning that divides the space into fixed-size rows [&hellip;]\" \/>\n<meta property=\"og:url\" content=\"https:\/\/digisa.net\/fr\/easy-module\/\" \/>\n<meta property=\"og:site_name\" content=\"digisa.net\" \/>\n<meta property=\"article:modified_time\" content=\"2024-09-20T10:52:31+00:00\" \/>\n<meta name=\"twitter:card\" content=\"summary_large_image\" \/>\n<script type=\"application\/ld+json\" class=\"yoast-schema-graph\">{\"@context\":\"https:\\\/\\\/schema.org\",\"@graph\":[{\"@type\":\"WebPage\",\"@id\":\"https:\\\/\\\/digisa.net\\\/easy-module\\\/\",\"url\":\"https:\\\/\\\/digisa.net\\\/easy-module\\\/\",\"name\":\"Easy module - digisa.net\",\"isPartOf\":{\"@id\":\"https:\\\/\\\/digisa.net\\\/fr\\\/#website\"},\"datePublished\":\"2024-09-15T21:49:12+00:00\",\"dateModified\":\"2024-09-20T10:52:31+00:00\",\"breadcrumb\":{\"@id\":\"https:\\\/\\\/digisa.net\\\/easy-module\\\/#breadcrumb\"},\"inLanguage\":\"fr-FR\",\"potentialAction\":[{\"@type\":\"ReadAction\",\"target\":[\"https:\\\/\\\/digisa.net\\\/easy-module\\\/\"]}]},{\"@type\":\"BreadcrumbList\",\"@id\":\"https:\\\/\\\/digisa.net\\\/easy-module\\\/#breadcrumb\",\"itemListElement\":[{\"@type\":\"ListItem\",\"position\":1,\"name\":\"Home\",\"item\":\"https:\\\/\\\/digisa.net\\\/fr\\\/\"},{\"@type\":\"ListItem\",\"position\":2,\"name\":\"Easy module\"}]},{\"@type\":\"WebSite\",\"@id\":\"https:\\\/\\\/digisa.net\\\/fr\\\/#website\",\"url\":\"https:\\\/\\\/digisa.net\\\/fr\\\/\",\"name\":\"digisa.net\",\"description\":\"digital agancy\",\"potentialAction\":[{\"@type\":\"SearchAction\",\"target\":{\"@type\":\"EntryPoint\",\"urlTemplate\":\"https:\\\/\\\/digisa.net\\\/fr\\\/?s={search_term_string}\"},\"query-input\":{\"@type\":\"PropertyValueSpecification\",\"valueRequired\":true,\"valueName\":\"search_term_string\"}}],\"inLanguage\":\"fr-FR\"}]}<\/script>\n<!-- \/ Yoast SEO plugin. -->","yoast_head_json":{"title":"Easy module - digisa.net","robots":{"index":"index","follow":"follow","max-snippet":"max-snippet:-1","max-image-preview":"max-image-preview:large","max-video-preview":"max-video-preview:-1"},"canonical":"https:\/\/digisa.net\/fr\/easy-module\/","og_locale":"fr_FR","og_type":"article","og_title":"Easy module - digisa.net","og_description":"Modular design is a type of website planning that divides the space into fixed-size rows [&hellip;]","og_url":"https:\/\/digisa.net\/fr\/easy-module\/","og_site_name":"digisa.net","article_modified_time":"2024-09-20T10:52:31+00:00","twitter_card":"summary_large_image","schema":{"@context":"https:\/\/schema.org","@graph":[{"@type":"WebPage","@id":"https:\/\/digisa.net\/easy-module\/","url":"https:\/\/digisa.net\/easy-module\/","name":"Easy module - digisa.net","isPartOf":{"@id":"https:\/\/digisa.net\/fr\/#website"},"datePublished":"2024-09-15T21:49:12+00:00","dateModified":"2024-09-20T10:52:31+00:00","breadcrumb":{"@id":"https:\/\/digisa.net\/easy-module\/#breadcrumb"},"inLanguage":"fr-FR","potentialAction":[{"@type":"ReadAction","target":["https:\/\/digisa.net\/easy-module\/"]}]},{"@type":"BreadcrumbList","@id":"https:\/\/digisa.net\/easy-module\/#breadcrumb","itemListElement":[{"@type":"ListItem","position":1,"name":"Home","item":"https:\/\/digisa.net\/fr\/"},{"@type":"ListItem","position":2,"name":"Easy module"}]},{"@type":"WebSite","@id":"https:\/\/digisa.net\/fr\/#website","url":"https:\/\/digisa.net\/fr\/","name":"digisa.net","description":"digital agancy","potentialAction":[{"@type":"SearchAction","target":{"@type":"EntryPoint","urlTemplate":"https:\/\/digisa.net\/fr\/?s={search_term_string}"},"query-input":{"@type":"PropertyValueSpecification","valueRequired":true,"valueName":"search_term_string"}}],"inLanguage":"fr-FR"}]}},"_links":{"self":[{"href":"https:\/\/digisa.net\/fr\/wp-json\/wp\/v2\/pages\/26","targetHints":{"allow":["GET"]}}],"collection":[{"href":"https:\/\/digisa.net\/fr\/wp-json\/wp\/v2\/pages"}],"about":[{"href":"https:\/\/digisa.net\/fr\/wp-json\/wp\/v2\/types\/page"}],"author":[{"embeddable":true,"href":"https:\/\/digisa.net\/fr\/wp-json\/wp\/v2\/users\/1"}],"replies":[{"embeddable":true,"href":"https:\/\/digisa.net\/fr\/wp-json\/wp\/v2\/comments?post=26"}],"version-history":[{"count":0,"href":"https:\/\/digisa.net\/fr\/wp-json\/wp\/v2\/pages\/26\/revisions"}],"wp:attachment":[{"href":"https:\/\/digisa.net\/fr\/wp-json\/wp\/v2\/media?parent=26"}],"curies":[{"name":"wp","href":"https:\/\/api.w.org\/{rel}","templated":true}]}}