{"id":21,"date":"2024-09-15T23:42:56","date_gmt":"2024-09-15T21:42:56","guid":{"rendered":"https:\/\/digisa.net\/?page_id=21"},"modified":"2024-09-20T12:57:25","modified_gmt":"2024-09-20T10:57:25","slug":"flexible-specialist","status":"publish","type":"page","link":"https:\/\/digisa.net\/fr\/flexible-specialist\/","title":{"rendered":"Sp\u00e9cialistes flexibles"},"content":{"rendered":"<p style=\"padding-right:var(--wp--preset--spacing--70);padding-left:var(--wp--preset--spacing--70)\">L'\u00e9quipe de d\u00e9veloppement Web joue un r\u00f4le essentiel dans le succ\u00e8s d'une entreprise en cr\u00e9ant un site Web professionnel et convivial et une strat\u00e9gie num\u00e9rique qui communique efficacement sa marque et ses services.<\/p>","protected":false},"excerpt":{"rendered":"<p>The web development team plays a vital role in the success of a business by [&hellip;]<\/p>","protected":false},"author":1,"featured_media":0,"parent":0,"menu_order":0,"comment_status":"closed","ping_status":"closed","template":"","meta":{"footnotes":""},"class_list":["post-21","page","type-page","status-publish","hentry"],"yoast_head":"<!-- This site is optimized with the Yoast SEO plugin v27.5 - https:\/\/yoast.com\/product\/yoast-seo-wordpress\/ -->\n<title>Flexible specialists - digisa.net<\/title>\n<meta name=\"robots\" content=\"index, follow, max-snippet:-1, max-image-preview:large, max-video-preview:-1\" \/>\n<link rel=\"canonical\" href=\"https:\/\/digisa.net\/fr\/flexible-specialist\/\" \/>\n<meta property=\"og:locale\" content=\"fr_FR\" \/>\n<meta property=\"og:type\" content=\"article\" \/>\n<meta property=\"og:title\" content=\"Flexible specialists - digisa.net\" \/>\n<meta property=\"og:description\" content=\"The web development team plays a vital role in the success of a business by [&hellip;]\" \/>\n<meta property=\"og:url\" content=\"https:\/\/digisa.net\/fr\/flexible-specialist\/\" \/>\n<meta property=\"og:site_name\" content=\"digisa.net\" \/>\n<meta property=\"article:modified_time\" content=\"2024-09-20T10:57:25+00:00\" \/>\n<meta name=\"twitter:card\" content=\"summary_large_image\" \/>\n<script type=\"application\/ld+json\" class=\"yoast-schema-graph\">{\"@context\":\"https:\\\/\\\/schema.org\",\"@graph\":[{\"@type\":\"WebPage\",\"@id\":\"https:\\\/\\\/digisa.net\\\/flexible-specialist\\\/\",\"url\":\"https:\\\/\\\/digisa.net\\\/flexible-specialist\\\/\",\"name\":\"Flexible specialists - digisa.net\",\"isPartOf\":{\"@id\":\"https:\\\/\\\/digisa.net\\\/fr\\\/#website\"},\"datePublished\":\"2024-09-15T21:42:56+00:00\",\"dateModified\":\"2024-09-20T10:57:25+00:00\",\"breadcrumb\":{\"@id\":\"https:\\\/\\\/digisa.net\\\/flexible-specialist\\\/#breadcrumb\"},\"inLanguage\":\"fr-FR\",\"potentialAction\":[{\"@type\":\"ReadAction\",\"target\":[\"https:\\\/\\\/digisa.net\\\/flexible-specialist\\\/\"]}]},{\"@type\":\"BreadcrumbList\",\"@id\":\"https:\\\/\\\/digisa.net\\\/flexible-specialist\\\/#breadcrumb\",\"itemListElement\":[{\"@type\":\"ListItem\",\"position\":1,\"name\":\"Home\",\"item\":\"https:\\\/\\\/digisa.net\\\/fr\\\/\"},{\"@type\":\"ListItem\",\"position\":2,\"name\":\"Flexible specialists\"}]},{\"@type\":\"WebSite\",\"@id\":\"https:\\\/\\\/digisa.net\\\/fr\\\/#website\",\"url\":\"https:\\\/\\\/digisa.net\\\/fr\\\/\",\"name\":\"digisa.net\",\"description\":\"digital agancy\",\"potentialAction\":[{\"@type\":\"SearchAction\",\"target\":{\"@type\":\"EntryPoint\",\"urlTemplate\":\"https:\\\/\\\/digisa.net\\\/fr\\\/?s={search_term_string}\"},\"query-input\":{\"@type\":\"PropertyValueSpecification\",\"valueRequired\":true,\"valueName\":\"search_term_string\"}}],\"inLanguage\":\"fr-FR\"}]}<\/script>\n<!-- \/ Yoast SEO plugin. -->","yoast_head_json":{"title":"Flexible specialists - digisa.net","robots":{"index":"index","follow":"follow","max-snippet":"max-snippet:-1","max-image-preview":"max-image-preview:large","max-video-preview":"max-video-preview:-1"},"canonical":"https:\/\/digisa.net\/fr\/flexible-specialist\/","og_locale":"fr_FR","og_type":"article","og_title":"Flexible specialists - digisa.net","og_description":"The web development team plays a vital role in the success of a business by [&hellip;]","og_url":"https:\/\/digisa.net\/fr\/flexible-specialist\/","og_site_name":"digisa.net","article_modified_time":"2024-09-20T10:57:25+00:00","twitter_card":"summary_large_image","schema":{"@context":"https:\/\/schema.org","@graph":[{"@type":"WebPage","@id":"https:\/\/digisa.net\/flexible-specialist\/","url":"https:\/\/digisa.net\/flexible-specialist\/","name":"Flexible specialists - digisa.net","isPartOf":{"@id":"https:\/\/digisa.net\/fr\/#website"},"datePublished":"2024-09-15T21:42:56+00:00","dateModified":"2024-09-20T10:57:25+00:00","breadcrumb":{"@id":"https:\/\/digisa.net\/flexible-specialist\/#breadcrumb"},"inLanguage":"fr-FR","potentialAction":[{"@type":"ReadAction","target":["https:\/\/digisa.net\/flexible-specialist\/"]}]},{"@type":"BreadcrumbList","@id":"https:\/\/digisa.net\/flexible-specialist\/#breadcrumb","itemListElement":[{"@type":"ListItem","position":1,"name":"Home","item":"https:\/\/digisa.net\/fr\/"},{"@type":"ListItem","position":2,"name":"Flexible specialists"}]},{"@type":"WebSite","@id":"https:\/\/digisa.net\/fr\/#website","url":"https:\/\/digisa.net\/fr\/","name":"digisa.net","description":"digital agancy","potentialAction":[{"@type":"SearchAction","target":{"@type":"EntryPoint","urlTemplate":"https:\/\/digisa.net\/fr\/?s={search_term_string}"},"query-input":{"@type":"PropertyValueSpecification","valueRequired":true,"valueName":"search_term_string"}}],"inLanguage":"fr-FR"}]}},"_links":{"self":[{"href":"https:\/\/digisa.net\/fr\/wp-json\/wp\/v2\/pages\/21","targetHints":{"allow":["GET"]}}],"collection":[{"href":"https:\/\/digisa.net\/fr\/wp-json\/wp\/v2\/pages"}],"about":[{"href":"https:\/\/digisa.net\/fr\/wp-json\/wp\/v2\/types\/page"}],"author":[{"embeddable":true,"href":"https:\/\/digisa.net\/fr\/wp-json\/wp\/v2\/users\/1"}],"replies":[{"embeddable":true,"href":"https:\/\/digisa.net\/fr\/wp-json\/wp\/v2\/comments?post=21"}],"version-history":[{"count":0,"href":"https:\/\/digisa.net\/fr\/wp-json\/wp\/v2\/pages\/21\/revisions"}],"wp:attachment":[{"href":"https:\/\/digisa.net\/fr\/wp-json\/wp\/v2\/media?parent=21"}],"curies":[{"name":"wp","href":"https:\/\/api.w.org\/{rel}","templated":true}]}}