{"id":134,"date":"2024-09-22T08:24:10","date_gmt":"2024-09-22T06:24:10","guid":{"rendered":"https:\/\/digisa.net\/?page_id=134"},"modified":"2024-09-22T08:24:10","modified_gmt":"2024-09-22T06:24:10","slug":"social-media-management","status":"publish","type":"page","link":"https:\/\/digisa.net\/fr\/social-media-management\/","title":{"rendered":"Gestion des r\u00e9seaux sociaux"},"content":{"rendered":"<div class=\"wp-block-group is-layout-constrained wp-container-core-group-is-layout-c8ee93ac wp-block-group-is-layout-constrained\" style=\"padding-right:var(--wp--preset--spacing--70);padding-left:var(--wp--preset--spacing--70)\">\n<h2 class=\"wp-block-heading has-text-align-center\">Boostez votre pr\u00e9sence en ligne gr\u00e2ce aux services de m\u00e9dias sociaux experts de Digisa.net<\/h2>\n\n\n\n<p style=\"padding-right:0;padding-left:0\">Dans le paysage num\u00e9rique actuel, une forte pr\u00e9sence sur les r\u00e9seaux sociaux est essentielle pour que les entreprises puissent garder une longueur d\u2019avance sur la concurrence. Chez Digisa.net, nous comprenons l\u2019importance des r\u00e9seaux sociaux et proposons des services d\u2019experts pour vous aider \u00e0 cr\u00e9er, planifier et publier du contenu attrayant qui trouve un \u00e9cho aupr\u00e8s de votre public cible.<\/p>\n\n\n\n<p><strong>Qu'est-ce que les m\u00e9dias sociaux ?<\/strong><\/p>\n\n\n\n<p>Les r\u00e9seaux sociaux sont un outil puissant qui permet aux entreprises de communiquer avec leur public, de renforcer la notori\u00e9t\u00e9 de leur marque et de g\u00e9n\u00e9rer des conversions. Avec des millions d\u2019utilisateurs actifs sur diverses plateformes de r\u00e9seaux sociaux, il est essentiel de mettre en place une strat\u00e9gie solide pour atteindre votre public cible.<\/p>\n\n\n\n<p><strong>Avantages des m\u00e9dias sociaux :<\/strong><\/p>\n\n\n\n<ol class=\"wp-block-list\">\n<li><strong>Augmentation de la notori\u00e9t\u00e9 de la marque :<\/strong>\u00a0Les r\u00e9seaux sociaux contribuent \u00e0 accro\u00eetre la visibilit\u00e9 et la port\u00e9e de votre marque, ce qui permet aux clients potentiels de trouver et de reconna\u00eetre plus facilement votre marque.<\/li>\n\n\n\n<li><strong>Engagement am\u00e9lior\u00e9 :<\/strong>\u00a0En cr\u00e9ant du contenu attrayant et en interagissant avec votre public, vous pouvez augmenter l'engagement, g\u00e9n\u00e9rer des conversions et cr\u00e9er une communaut\u00e9 fid\u00e8le de fans et d'abonn\u00e9s.<\/li>\n\n\n\n<li><strong>Publicit\u00e9 cibl\u00e9e :<\/strong>\u00a0Les plateformes des r\u00e9seau sociaux offrent des options de publicit\u00e9 cibl\u00e9e, vous permettant d'atteindre votre public cible avec pr\u00e9cision et exactitude.<\/li>\n\n\n\n<li><strong>\u00c9conomies de co\u00fbts\u00a0:<\/strong>\u00a0En externalisant la gestion de vos r\u00e9seaux sociaux \u00e0 Digisa.net, vous pouvez \u00e9conomiser du temps et des ressources qui seraient consacr\u00e9s \u00e0 la cr\u00e9ation, \u00e0 la planification et \u00e0 la publication de contenu en interne.<\/li>\n<\/ol>\n\n\n\n<p><strong>Nos services de r\u00e9seaux sociaux :<\/strong><\/p>\n\n\n\n<p>Chez Digisa.net, notre \u00e9quipe d'experts propose une gamme de services de r\u00e9seaux sociaux, notamment :<\/p>\n\n\n\n<ol class=\"wp-block-list\">\n<li><strong>Cr\u00e9ation de contenu\u00a0:<\/strong>\u00a0Nous cr\u00e9ons du contenu de haute qualit\u00e9, engageant et informatif qui trouve un \u00e9cho aupr\u00e8s de votre public cible.<\/li>\n\n\n\n<li><strong>Programmation du contenu :<\/strong>\u00a0Nous planifions votre contenu \u00e0 l'avance, en veillant \u00e0 ce que vos canaux de r\u00e9seaux sociaux soient toujours \u00e0 jour et actifs.<\/li>\n\n\n\n<li><strong>Publication de contenu\u00a0:<\/strong>\u00a0Nous publions votre contenu sur vos r\u00e9seaux sociaux, en veillant \u00e0 ce qu'il soit facilement accessible \u00e0 votre public.<\/li>\n\n\n\n<li><strong>Veille des r\u00e9seaux sociaux :<\/strong>\u00a0Nous surveillons vos r\u00e9seaux sociaux, r\u00e9pondant aux commentaires, messages et critiques de mani\u00e8re rapide et professionnelle.<\/li>\n\n\n\n<li><strong>Publicit\u00e9 sur les r\u00e9seaux sociaux :<\/strong>\u00a0Nous cr\u00e9ons et g\u00e9rons des publicit\u00e9s cibl\u00e9es sur les r\u00e9seaux sociaux, g\u00e9n\u00e9rant des conversions et augmentant la notori\u00e9t\u00e9 de la marque.<\/li>\n\n\n\n<li><strong>Analyse des r\u00e9seaux sociaux :<\/strong>\u00a0Nous fournissons des rapports d'analyse r\u00e9guliers, vous aidant \u00e0 suivre vos performances sur les r\u00e9seaux sociaux et \u00e0 prendre des d\u00e9cisions bas\u00e9es sur les donn\u00e9es.<\/li>\n<\/ol>\n\n\n\n<p><strong>Pourquoi choisir Digisa.net pour les services de r\u00e9seaux sociaux\u00a0:<\/strong><\/p>\n\n\n\n<ol class=\"wp-block-list\">\n<li><strong>Comp\u00e9tence:<\/strong>\u00a0Notre \u00e9quipe d'experts poss\u00e8de des ann\u00e9es d'exp\u00e9rience dans la gestion des r\u00e9seaux sociaux, garantissant que votre pr\u00e9sence sur les m\u00e9dias sociaux est entre de bonnes mains.<\/li>\n\n\n\n<li><strong>Flexibilit\u00e9:<\/strong>\u00a0Nous offrons des services flexibles qui r\u00e9pondent \u00e0 vos besoins et exigences sp\u00e9cifiques.<\/li>\n\n\n\n<li><strong>Rentable :<\/strong>\u00a0Nos services sont rentables et vous permettent d\u2019\u00e9conomiser du temps et des ressources qui seraient consacr\u00e9s \u00e0 la cr\u00e9ation, \u00e0 la planification et \u00e0 la publication de contenu en interne.<\/li>\n\n\n\n<li><strong>Ax\u00e9 sur les r\u00e9sultats :<\/strong>\u00a0Nous nous concentrons sur la fourniture de services de m\u00e9dias sociaux ax\u00e9s sur les r\u00e9sultats qui g\u00e9n\u00e8rent des conversions, des ventes et des revenus.<\/li>\n<\/ol>\n\n\n\n<p><strong>Commencez \u00e0 utiliser les services de r\u00e9seaux sociaux de Digisa.net\u00a0:<\/strong><\/p>\n\n\n\n<p>Si vous recherchez un service de r\u00e9seaux sociaux fiable et expert, ne cherchez pas plus loin que Digisa.net. Contactez-nous d\u00e8s aujourd'hui pour en savoir plus sur nos services et sur la mani\u00e8re dont nous pouvons vous aider \u00e0 cr\u00e9er, planifier et publier du contenu attrayant qui trouve un \u00e9cho aupr\u00e8s de votre public cible.<\/p>\n\n\n\n<h3 class=\"wp-block-heading has-text-align-center\">Contactez-nous d\u00e8s aujourd'hui pour planifier une consultation et en savoir plus sur nos services de gestion des r\u00e9seaux sociaux.<\/h3>\n\n\n\n<div class=\"wp-block-buttons is-content-justification-center is-layout-flex wp-container-core-buttons-is-layout-a89b3969 wp-block-buttons-is-layout-flex\">\n<div class=\"wp-block-button\"><a class=\"wp-block-button__link wp-element-button\" href=\"https:\/\/digisa.net\/fr\/contact-us\/\" target=\"_blank\" rel=\"noreferrer noopener\">Contactez-nous<\/a><\/div>\n<\/div>\n<\/div>","protected":false},"excerpt":{"rendered":"<p>Boost Your Online Presence with Digisa.net&#8217;s Expert Social Media Services In today&#8217;s digital landscape, having [&hellip;]<\/p>","protected":false},"author":1,"featured_media":0,"parent":0,"menu_order":0,"comment_status":"closed","ping_status":"closed","template":"","meta":{"footnotes":""},"class_list":["post-134","page","type-page","status-publish","hentry"],"yoast_head":"<!-- This site is optimized with the Yoast SEO plugin v27.5 - https:\/\/yoast.com\/product\/yoast-seo-wordpress\/ -->\n<title>Social media Management - digisa.net<\/title>\n<meta name=\"robots\" content=\"index, follow, max-snippet:-1, max-image-preview:large, max-video-preview:-1\" \/>\n<link rel=\"canonical\" href=\"https:\/\/digisa.net\/fr\/social-media-management\/\" \/>\n<meta property=\"og:locale\" content=\"fr_FR\" \/>\n<meta property=\"og:type\" content=\"article\" \/>\n<meta property=\"og:title\" content=\"Social media Management - digisa.net\" \/>\n<meta property=\"og:description\" content=\"Boost Your Online Presence with Digisa.net&#8217;s Expert Social Media Services In today&#8217;s digital landscape, having [&hellip;]\" \/>\n<meta property=\"og:url\" content=\"https:\/\/digisa.net\/fr\/social-media-management\/\" \/>\n<meta property=\"og:site_name\" content=\"digisa.net\" \/>\n<meta name=\"twitter:card\" content=\"summary_large_image\" \/>\n<meta name=\"twitter:label1\" content=\"Dur\u00e9e de lecture estim\u00e9e\" \/>\n\t<meta name=\"twitter:data1\" content=\"2 minutes\" \/>\n<script type=\"application\/ld+json\" class=\"yoast-schema-graph\">{\"@context\":\"https:\\\/\\\/schema.org\",\"@graph\":[{\"@type\":\"WebPage\",\"@id\":\"https:\\\/\\\/digisa.net\\\/social-media-management\\\/\",\"url\":\"https:\\\/\\\/digisa.net\\\/social-media-management\\\/\",\"name\":\"Social media Management - digisa.net\",\"isPartOf\":{\"@id\":\"https:\\\/\\\/digisa.net\\\/fr\\\/#website\"},\"datePublished\":\"2024-09-22T06:24:10+00:00\",\"breadcrumb\":{\"@id\":\"https:\\\/\\\/digisa.net\\\/social-media-management\\\/#breadcrumb\"},\"inLanguage\":\"fr-FR\",\"potentialAction\":[{\"@type\":\"ReadAction\",\"target\":[\"https:\\\/\\\/digisa.net\\\/social-media-management\\\/\"]}]},{\"@type\":\"BreadcrumbList\",\"@id\":\"https:\\\/\\\/digisa.net\\\/social-media-management\\\/#breadcrumb\",\"itemListElement\":[{\"@type\":\"ListItem\",\"position\":1,\"name\":\"Home\",\"item\":\"https:\\\/\\\/digisa.net\\\/fr\\\/\"},{\"@type\":\"ListItem\",\"position\":2,\"name\":\"Social media Management\"}]},{\"@type\":\"WebSite\",\"@id\":\"https:\\\/\\\/digisa.net\\\/fr\\\/#website\",\"url\":\"https:\\\/\\\/digisa.net\\\/fr\\\/\",\"name\":\"digisa.net\",\"description\":\"digital agancy\",\"potentialAction\":[{\"@type\":\"SearchAction\",\"target\":{\"@type\":\"EntryPoint\",\"urlTemplate\":\"https:\\\/\\\/digisa.net\\\/fr\\\/?s={search_term_string}\"},\"query-input\":{\"@type\":\"PropertyValueSpecification\",\"valueRequired\":true,\"valueName\":\"search_term_string\"}}],\"inLanguage\":\"fr-FR\"}]}<\/script>\n<!-- \/ Yoast SEO plugin. -->","yoast_head_json":{"title":"Social media Management - digisa.net","robots":{"index":"index","follow":"follow","max-snippet":"max-snippet:-1","max-image-preview":"max-image-preview:large","max-video-preview":"max-video-preview:-1"},"canonical":"https:\/\/digisa.net\/fr\/social-media-management\/","og_locale":"fr_FR","og_type":"article","og_title":"Social media Management - digisa.net","og_description":"Boost Your Online Presence with Digisa.net&#8217;s Expert Social Media Services In today&#8217;s digital landscape, having [&hellip;]","og_url":"https:\/\/digisa.net\/fr\/social-media-management\/","og_site_name":"digisa.net","twitter_card":"summary_large_image","twitter_misc":{"Dur\u00e9e de lecture estim\u00e9e":"2 minutes"},"schema":{"@context":"https:\/\/schema.org","@graph":[{"@type":"WebPage","@id":"https:\/\/digisa.net\/social-media-management\/","url":"https:\/\/digisa.net\/social-media-management\/","name":"Social media Management - digisa.net","isPartOf":{"@id":"https:\/\/digisa.net\/fr\/#website"},"datePublished":"2024-09-22T06:24:10+00:00","breadcrumb":{"@id":"https:\/\/digisa.net\/social-media-management\/#breadcrumb"},"inLanguage":"fr-FR","potentialAction":[{"@type":"ReadAction","target":["https:\/\/digisa.net\/social-media-management\/"]}]},{"@type":"BreadcrumbList","@id":"https:\/\/digisa.net\/social-media-management\/#breadcrumb","itemListElement":[{"@type":"ListItem","position":1,"name":"Home","item":"https:\/\/digisa.net\/fr\/"},{"@type":"ListItem","position":2,"name":"Social media Management"}]},{"@type":"WebSite","@id":"https:\/\/digisa.net\/fr\/#website","url":"https:\/\/digisa.net\/fr\/","name":"digisa.net","description":"digital agancy","potentialAction":[{"@type":"SearchAction","target":{"@type":"EntryPoint","urlTemplate":"https:\/\/digisa.net\/fr\/?s={search_term_string}"},"query-input":{"@type":"PropertyValueSpecification","valueRequired":true,"valueName":"search_term_string"}}],"inLanguage":"fr-FR"}]}},"_links":{"self":[{"href":"https:\/\/digisa.net\/fr\/wp-json\/wp\/v2\/pages\/134","targetHints":{"allow":["GET"]}}],"collection":[{"href":"https:\/\/digisa.net\/fr\/wp-json\/wp\/v2\/pages"}],"about":[{"href":"https:\/\/digisa.net\/fr\/wp-json\/wp\/v2\/types\/page"}],"author":[{"embeddable":true,"href":"https:\/\/digisa.net\/fr\/wp-json\/wp\/v2\/users\/1"}],"replies":[{"embeddable":true,"href":"https:\/\/digisa.net\/fr\/wp-json\/wp\/v2\/comments?post=134"}],"version-history":[{"count":0,"href":"https:\/\/digisa.net\/fr\/wp-json\/wp\/v2\/pages\/134\/revisions"}],"wp:attachment":[{"href":"https:\/\/digisa.net\/fr\/wp-json\/wp\/v2\/media?parent=134"}],"curies":[{"name":"wp","href":"https:\/\/api.w.org\/{rel}","templated":true}]}}