{"id":128,"date":"2024-09-22T08:04:44","date_gmt":"2024-09-22T06:04:44","guid":{"rendered":"https:\/\/digisa.net\/?page_id=128"},"modified":"2024-09-22T08:10:56","modified_gmt":"2024-09-22T06:10:56","slug":"web-sites-management","status":"publish","type":"page","link":"https:\/\/digisa.net\/fr\/web-sites-management\/","title":{"rendered":"Gestion de sites Web"},"content":{"rendered":"<div class=\"wp-block-group is-layout-constrained wp-container-core-group-is-layout-c8ee93ac wp-block-group-is-layout-constrained\" style=\"padding-right:var(--wp--preset--spacing--70);padding-left:var(--wp--preset--spacing--70)\">\n<h2 class=\"wp-block-heading has-text-align-center\">Service expert de gestion de contenu de site Web par Digisa.net<\/h2>\n\n\n\n<p>Dans le paysage num\u00e9rique actuel, il est essentiel que les entreprises disposent d\u2019un site Web bien g\u00e9r\u00e9 pour garder une longueur d\u2019avance sur la concurrence. Chez Digisa.net, nous comprenons l\u2019importance de la gestion de contenu et proposons des services d\u2019experts pour vous aider \u00e0 cr\u00e9er, \u00e9diter et publier du contenu de haute qualit\u00e9 qui trouve un \u00e9cho aupr\u00e8s de votre public cible.<\/p>\n\n\n\n<p><strong>Qu'est-ce que la gestion de contenu de site Web ?<\/strong><\/p>\n\n\n\n<p>La gestion du contenu d'un site Web est le processus de cr\u00e9ation, de modification et de publication de contenu sur votre site Web. Elle consiste \u00e0 g\u00e9rer la cr\u00e9ation, la modification et la suppression du contenu de votre site Web, en veillant \u00e0 ce qu'il soit exact, \u00e0 jour et pertinent pour votre public.<\/p>\n\n\n\n<p><strong>Avantages de la gestion de contenu de site Web\u00a0:<\/strong><\/p>\n\n\n\n<ol class=\"wp-block-list\">\n<li><strong>Exp\u00e9rience utilisateur am\u00e9lior\u00e9e\u00a0:<\/strong>\u00a0Un contenu bien g\u00e9r\u00e9 garantit que votre site Web est facile \u00e0 naviguer et que les utilisateurs peuvent trouver les informations dont ils ont besoin rapidement et efficacement.<\/li>\n\n\n\n<li><strong>Augmentation des conversions\u00a0:<\/strong>\u00a0Un contenu de haute qualit\u00e9 qui trouve un \u00e9cho aupr\u00e8s de votre public cible peut entra\u00eener une augmentation des conversions, des ventes et des revenus.<\/li>\n\n\n\n<li><strong>Meilleur classement dans les moteurs de recherche\u00a0:<\/strong>\u00a0Les moteurs de recherche comme Google privil\u00e9gient les sites Web avec un contenu de haute qualit\u00e9, pertinent et r\u00e9guli\u00e8rement mis \u00e0 jour, am\u00e9liorant ainsi votre classement dans les moteurs de recherche.<\/li>\n\n\n\n<li><strong>\u00c9conomies de co\u00fbts\u00a0:<\/strong>\u00a0En externalisant votre gestion de contenu \u00e0 Digisa.net, vous pouvez \u00e9conomiser du temps et des ressources qui seraient consacr\u00e9s \u00e0 la cr\u00e9ation, \u00e0 l'\u00e9dition et \u00e0 la publication de contenu en interne.<\/li>\n<\/ol>\n\n\n\n<p><strong>Nos services de gestion de contenu de site Web\u00a0:<\/strong><\/p>\n\n\n\n<p>Chez Digisa.net, notre \u00e9quipe d'experts propose une gamme de services de gestion de contenu de sites Web, notamment :<\/p>\n\n\n\n<ol class=\"wp-block-list\">\n<li><strong>Cr\u00e9ation de contenu\u00a0:<\/strong>\u00a0Nous cr\u00e9ons du contenu de haute qualit\u00e9, engageant et informatif qui trouve un \u00e9cho aupr\u00e8s de votre public cible.<\/li>\n\n\n\n<li><strong>\u00c9dition du contenu\u00a0:<\/strong>\u00a0Notre \u00e9quipe de r\u00e9dacteurs veille \u00e0 ce que votre contenu soit pr\u00e9cis, concis et sans erreur.<\/li>\n\n\n\n<li><strong>Publication de contenu\u00a0:<\/strong>\u00a0Nous publions votre contenu sur votre site Web, en veillant \u00e0 ce qu'il soit facilement accessible \u00e0 votre public.<\/li>\n\n\n\n<li><strong>Migration de contenu\u00a0:<\/strong>\u00a0Nous migrons votre contenu existant vers un nouveau site Web ou une nouvelle plateforme, en veillant \u00e0 ce qu'il soit pr\u00e9serv\u00e9 et mis \u00e0 jour.<\/li>\n\n\n\n<li><strong>Optimisation du contenu :<\/strong>\u00a0Nous optimisons votre contenu pour les moteurs de recherche, en veillant \u00e0 ce qu'il soit facilement d\u00e9couvrable par votre public cible.<\/li>\n<\/ol>\n\n\n\n<p><strong>Pourquoi choisir Digisa.net pour la gestion du contenu de votre site Web\u00a0:<\/strong><\/p>\n\n\n\n<ol class=\"wp-block-list\">\n<li><strong>Comp\u00e9tence:<\/strong>\u00a0Notre \u00e9quipe d'experts poss\u00e8de des ann\u00e9es d'exp\u00e9rience dans la cr\u00e9ation, l'\u00e9dition et la publication de contenu de haute qualit\u00e9.<\/li>\n\n\n\n<li><strong>Flexibilit\u00e9:<\/strong>\u00a0Nous offrons des services flexibles qui r\u00e9pondent \u00e0 vos besoins et exigences sp\u00e9cifiques.<\/li>\n\n\n\n<li><strong>Rentable :<\/strong>\u00a0Nos services sont rentables et vous permettent d\u2019\u00e9conomiser du temps et des ressources qui seraient consacr\u00e9s \u00e0 la cr\u00e9ation, \u00e0 l\u2019\u00e9dition et \u00e0 la publication de contenu en interne.<\/li>\n\n\n\n<li><strong>Ax\u00e9 sur les r\u00e9sultats :<\/strong>\u00a0Nous nous concentrons sur la fourniture de contenu ax\u00e9 sur les r\u00e9sultats qui g\u00e9n\u00e8re des conversions, des ventes et des revenus.<\/li>\n<\/ol>\n\n\n\n<p><strong>Commencez \u00e0 utiliser les services de gestion de contenu de sites Web de Digisa.net\u00a0:<\/strong><\/p>\n\n\n\n<p>Si vous recherchez un service de gestion de contenu de site Web fiable et expert, ne cherchez pas plus loin que Digisa.net. Contactez-nous d\u00e8s aujourd'hui pour en savoir plus sur nos services et sur la mani\u00e8re dont nous pouvons vous aider \u00e0 cr\u00e9er, \u00e9diter et publier du contenu de haute qualit\u00e9 qui trouve un \u00e9cho aupr\u00e8s de votre public cible.   <\/p>\n\n\n\n<div class=\"wp-block-buttons is-layout-flex wp-block-buttons-is-layout-flex\"><\/div>\n\n\n\n<h4 class=\"wp-block-heading has-text-align-center\">                                                  Contactez-nous d\u00e8s aujourd'hui pour une consultation et apprenez-en plus sur nos services de gestion de contenu de sites Web.<\/h4>\n\n\n\n<div class=\"wp-block-buttons is-content-justification-center is-layout-flex wp-container-core-buttons-is-layout-a89b3969 wp-block-buttons-is-layout-flex\">\n<div class=\"wp-block-button\"><a class=\"wp-block-button__link wp-element-button\" href=\"https:\/\/digisa.net\/fr\/contact-us\/\" target=\"_blank\" rel=\"noreferrer noopener\">Contactez-nous<\/a><\/div>\n<\/div>\n<\/div>","protected":false},"excerpt":{"rendered":"<p>Expert Website Content Management Service by Digisa.net In today&#8217;s digital landscape, having a well-managed website [&hellip;]<\/p>","protected":false},"author":1,"featured_media":0,"parent":0,"menu_order":0,"comment_status":"closed","ping_status":"closed","template":"","meta":{"footnotes":""},"class_list":["post-128","page","type-page","status-publish","hentry"],"yoast_head":"<!-- This site is optimized with the Yoast SEO plugin v27.5 - https:\/\/yoast.com\/product\/yoast-seo-wordpress\/ -->\n<title>Web sites Management - digisa.net<\/title>\n<meta name=\"robots\" content=\"index, follow, max-snippet:-1, max-image-preview:large, max-video-preview:-1\" \/>\n<link rel=\"canonical\" href=\"https:\/\/digisa.net\/fr\/web-sites-management\/\" \/>\n<meta property=\"og:locale\" content=\"fr_FR\" \/>\n<meta property=\"og:type\" content=\"article\" \/>\n<meta property=\"og:title\" content=\"Web sites Management - digisa.net\" \/>\n<meta property=\"og:description\" content=\"Expert Website Content Management Service by Digisa.net In today&#8217;s digital landscape, having a well-managed website [&hellip;]\" \/>\n<meta property=\"og:url\" content=\"https:\/\/digisa.net\/fr\/web-sites-management\/\" \/>\n<meta property=\"og:site_name\" content=\"digisa.net\" \/>\n<meta property=\"article:modified_time\" content=\"2024-09-22T06:10:56+00:00\" \/>\n<meta name=\"twitter:card\" content=\"summary_large_image\" \/>\n<meta name=\"twitter:label1\" content=\"Dur\u00e9e de lecture estim\u00e9e\" \/>\n\t<meta name=\"twitter:data1\" content=\"2 minutes\" \/>\n<script type=\"application\/ld+json\" class=\"yoast-schema-graph\">{\"@context\":\"https:\\\/\\\/schema.org\",\"@graph\":[{\"@type\":\"WebPage\",\"@id\":\"https:\\\/\\\/digisa.net\\\/web-sites-management\\\/\",\"url\":\"https:\\\/\\\/digisa.net\\\/web-sites-management\\\/\",\"name\":\"Web sites Management - digisa.net\",\"isPartOf\":{\"@id\":\"https:\\\/\\\/digisa.net\\\/fr\\\/#website\"},\"datePublished\":\"2024-09-22T06:04:44+00:00\",\"dateModified\":\"2024-09-22T06:10:56+00:00\",\"breadcrumb\":{\"@id\":\"https:\\\/\\\/digisa.net\\\/web-sites-management\\\/#breadcrumb\"},\"inLanguage\":\"fr-FR\",\"potentialAction\":[{\"@type\":\"ReadAction\",\"target\":[\"https:\\\/\\\/digisa.net\\\/web-sites-management\\\/\"]}]},{\"@type\":\"BreadcrumbList\",\"@id\":\"https:\\\/\\\/digisa.net\\\/web-sites-management\\\/#breadcrumb\",\"itemListElement\":[{\"@type\":\"ListItem\",\"position\":1,\"name\":\"Home\",\"item\":\"https:\\\/\\\/digisa.net\\\/fr\\\/\"},{\"@type\":\"ListItem\",\"position\":2,\"name\":\"Web sites Management\"}]},{\"@type\":\"WebSite\",\"@id\":\"https:\\\/\\\/digisa.net\\\/fr\\\/#website\",\"url\":\"https:\\\/\\\/digisa.net\\\/fr\\\/\",\"name\":\"digisa.net\",\"description\":\"digital agancy\",\"potentialAction\":[{\"@type\":\"SearchAction\",\"target\":{\"@type\":\"EntryPoint\",\"urlTemplate\":\"https:\\\/\\\/digisa.net\\\/fr\\\/?s={search_term_string}\"},\"query-input\":{\"@type\":\"PropertyValueSpecification\",\"valueRequired\":true,\"valueName\":\"search_term_string\"}}],\"inLanguage\":\"fr-FR\"}]}<\/script>\n<!-- \/ Yoast SEO plugin. -->","yoast_head_json":{"title":"Web sites Management - digisa.net","robots":{"index":"index","follow":"follow","max-snippet":"max-snippet:-1","max-image-preview":"max-image-preview:large","max-video-preview":"max-video-preview:-1"},"canonical":"https:\/\/digisa.net\/fr\/web-sites-management\/","og_locale":"fr_FR","og_type":"article","og_title":"Web sites Management - digisa.net","og_description":"Expert Website Content Management Service by Digisa.net In today&#8217;s digital landscape, having a well-managed website [&hellip;]","og_url":"https:\/\/digisa.net\/fr\/web-sites-management\/","og_site_name":"digisa.net","article_modified_time":"2024-09-22T06:10:56+00:00","twitter_card":"summary_large_image","twitter_misc":{"Dur\u00e9e de lecture estim\u00e9e":"2 minutes"},"schema":{"@context":"https:\/\/schema.org","@graph":[{"@type":"WebPage","@id":"https:\/\/digisa.net\/web-sites-management\/","url":"https:\/\/digisa.net\/web-sites-management\/","name":"Web sites Management - digisa.net","isPartOf":{"@id":"https:\/\/digisa.net\/fr\/#website"},"datePublished":"2024-09-22T06:04:44+00:00","dateModified":"2024-09-22T06:10:56+00:00","breadcrumb":{"@id":"https:\/\/digisa.net\/web-sites-management\/#breadcrumb"},"inLanguage":"fr-FR","potentialAction":[{"@type":"ReadAction","target":["https:\/\/digisa.net\/web-sites-management\/"]}]},{"@type":"BreadcrumbList","@id":"https:\/\/digisa.net\/web-sites-management\/#breadcrumb","itemListElement":[{"@type":"ListItem","position":1,"name":"Home","item":"https:\/\/digisa.net\/fr\/"},{"@type":"ListItem","position":2,"name":"Web sites Management"}]},{"@type":"WebSite","@id":"https:\/\/digisa.net\/fr\/#website","url":"https:\/\/digisa.net\/fr\/","name":"digisa.net","description":"digital agancy","potentialAction":[{"@type":"SearchAction","target":{"@type":"EntryPoint","urlTemplate":"https:\/\/digisa.net\/fr\/?s={search_term_string}"},"query-input":{"@type":"PropertyValueSpecification","valueRequired":true,"valueName":"search_term_string"}}],"inLanguage":"fr-FR"}]}},"_links":{"self":[{"href":"https:\/\/digisa.net\/fr\/wp-json\/wp\/v2\/pages\/128","targetHints":{"allow":["GET"]}}],"collection":[{"href":"https:\/\/digisa.net\/fr\/wp-json\/wp\/v2\/pages"}],"about":[{"href":"https:\/\/digisa.net\/fr\/wp-json\/wp\/v2\/types\/page"}],"author":[{"embeddable":true,"href":"https:\/\/digisa.net\/fr\/wp-json\/wp\/v2\/users\/1"}],"replies":[{"embeddable":true,"href":"https:\/\/digisa.net\/fr\/wp-json\/wp\/v2\/comments?post=128"}],"version-history":[{"count":0,"href":"https:\/\/digisa.net\/fr\/wp-json\/wp\/v2\/pages\/128\/revisions"}],"wp:attachment":[{"href":"https:\/\/digisa.net\/fr\/wp-json\/wp\/v2\/media?parent=128"}],"curies":[{"name":"wp","href":"https:\/\/api.w.org\/{rel}","templated":true}]}}