{"id":121,"date":"2024-09-21T21:49:08","date_gmt":"2024-09-21T19:49:08","guid":{"rendered":"https:\/\/digisa.net\/?page_id=121"},"modified":"2025-01-11T11:51:54","modified_gmt":"2025-01-11T10:51:54","slug":"on-demand-website","status":"publish","type":"page","link":"https:\/\/digisa.net\/fr\/on-demand-website\/","title":{"rendered":"Sites Web \u00e0 la demande"},"content":{"rendered":"<div class=\"wp-block-group is-layout-constrained wp-container-core-group-is-layout-c8ee93ac wp-block-group-is-layout-constrained\" style=\"padding-right:var(--wp--preset--spacing--70);padding-left:var(--wp--preset--spacing--70)\">\n<h2 class=\"wp-block-heading has-text-align-center\" style=\"padding-right:var(--wp--preset--spacing--50);padding-left:var(--wp--preset--spacing--50)\"><strong>Cr\u00e9ation de sites Web \u00e0 la demande | Solutions rapides, fiables et abordables de Digsa.net<\/strong><\/h2>\n\n\n\n<p style=\"padding-right:var(--wp--preset--spacing--20);padding-left:var(--wp--preset--spacing--20)\">Chez Digisa.net, nous comprenons l\u2019importance d\u2019avoir un site Web professionnel qui repr\u00e9sente fid\u00e8lement votre marque et vous aide \u00e0 vous connecter avec votre public cible. C\u2019est pourquoi nous proposons des services de cr\u00e9ation de sites Web \u00e0 la demande qui r\u00e9pondent \u00e0 vos besoins et objectifs uniques.<\/p>\n\n\n\n<p><strong>Pourquoi choisir Digisa.net pour vos besoins en mati\u00e8re de site Web\u00a0:<\/strong><\/p>\n\n\n\n<ul class=\"wp-block-list\">\n<li><strong>Comp\u00e9tence:<\/strong>&nbsp;Notre \u00e9quipe de d\u00e9veloppeurs et de concepteurs Web exp\u00e9riment\u00e9s poss\u00e8de une compr\u00e9hension approfondie des derni\u00e8res technologies et tendances Web, garantissant que votre site Web est construit avec les derni\u00e8res meilleures pratiques.<\/li>\n\n\n\n<li><strong>Flexibilit\u00e9:<\/strong>&nbsp;Nous proposons une gamme de mod\u00e8les de sites Web et d'options de personnalisation pour r\u00e9pondre \u00e0 vos besoins et pr\u00e9f\u00e9rences sp\u00e9cifiques.<\/li>\n\n\n\n<li><strong>Rapidit\u00e9:<\/strong>&nbsp;Notre service de cr\u00e9ation de sites Web \u00e0 la demande garantit que votre site Web est op\u00e9rationnel rapidement, sans compromettre la qualit\u00e9.<\/li>\n\n\n\n<li><strong>Abordabilit\u00e9\u00a0:<\/strong>&nbsp;Nous offrons des prix comp\u00e9titifs sans compromettre la qualit\u00e9 de nos services.<\/li>\n<\/ul>\n\n\n\n<p><strong>Notre expertise en cr\u00e9ation de site internet :<\/strong><\/p>\n\n\n\n<p>Chez Digisa.net, nous avons une vaste exp\u00e9rience dans la cr\u00e9ation de sites Web pour divers secteurs et industries. Notre \u00e9quipe ma\u00eetrise parfaitement les derni\u00e8res technologies de d\u00e9veloppement Web, notamment HTML5, CSS3, JavaScript, etc. Nous avons \u00e9galement une expertise dans les syst\u00e8mes de gestion de contenu (CMS) tels que WordPress, Joomla et Drupal.<\/p>\n\n\n\n<p><strong>Avantages de notre service de cr\u00e9ation de sites Web \u00e0 la demande\u00a0:<\/strong><\/p>\n\n\n\n<ul class=\"wp-block-list\">\n<li><strong>Visibilit\u00e9 en ligne accrue :<\/strong>&nbsp;Un site Web professionnel vous aide \u00e0 \u00e9tablir une forte pr\u00e9sence en ligne, augmentant ainsi votre visibilit\u00e9 et votre cr\u00e9dibilit\u00e9.<\/li>\n\n\n\n<li><strong>Exp\u00e9rience utilisateur am\u00e9lior\u00e9e\u00a0:<\/strong>&nbsp;Nos sites Web sont con\u00e7us pour offrir une exp\u00e9rience utilisateur transparente, garantissant que vos visiteurs restent engag\u00e9s et convertis.<\/li>\n\n\n\n<li><strong>Rentable :<\/strong>&nbsp;Notre service de cr\u00e9ation de sites Web \u00e0 la demande est rentable, sans compromis sur la qualit\u00e9.<\/li>\n\n\n\n<li><strong>\u00c9volutivit\u00e9\u00a0:<\/strong>&nbsp;Nos sites Web sont con\u00e7us pour \u00eatre \u00e9volutifs, vous permettant d'ajouter ou de supprimer facilement des fonctionnalit\u00e9s \u00e0 mesure que votre entreprise se d\u00e9veloppe.<\/li>\n<\/ul>\n\n\n\n<h4 class=\"wp-block-heading has-text-align-center\">Vous \u00eates pr\u00eat \u00e0 d\u00e9marrer votre projet de cr\u00e9ation de site Web \u00e0 la demande ? Contactez-nous d\u00e8s aujourd'hui pour discuter de vos besoins et obtenir un devis.<\/h4>\n\n\n\n<div class=\"wp-block-buttons is-content-justification-center is-layout-flex wp-container-core-buttons-is-layout-a89b3969 wp-block-buttons-is-layout-flex\">\n<div class=\"wp-block-button\"><a class=\"wp-block-button__link has-text-align-left wp-element-button\" href=\"https:\/\/digisa.net\/fr\/contact-us\/\">Contactez-nous<\/a><\/div>\n<\/div>\n<\/div>","protected":false},"excerpt":{"rendered":"<p>On-Demand Website Creation | Fast, Reliable, and Affordable Solutions from Digsa.net At Digisa.net, we understand [&hellip;]<\/p>","protected":false},"author":1,"featured_media":0,"parent":0,"menu_order":0,"comment_status":"closed","ping_status":"closed","template":"","meta":{"footnotes":""},"class_list":["post-121","page","type-page","status-publish","hentry"],"yoast_head":"<!-- This site is optimized with the Yoast SEO plugin v27.3 - https:\/\/yoast.com\/product\/yoast-seo-wordpress\/ -->\n<title>On demand websites - digisa.net<\/title>\n<meta name=\"robots\" content=\"index, follow, max-snippet:-1, max-image-preview:large, max-video-preview:-1\" \/>\n<link rel=\"canonical\" href=\"https:\/\/digisa.net\/fr\/on-demand-website\/\" \/>\n<meta property=\"og:locale\" content=\"fr_FR\" \/>\n<meta property=\"og:type\" content=\"article\" \/>\n<meta property=\"og:title\" content=\"On demand websites - digisa.net\" \/>\n<meta property=\"og:description\" content=\"On-Demand Website Creation | Fast, Reliable, and Affordable Solutions from Digsa.net At Digisa.net, we understand [&hellip;]\" \/>\n<meta property=\"og:url\" content=\"https:\/\/digisa.net\/fr\/on-demand-website\/\" \/>\n<meta property=\"og:site_name\" content=\"digisa.net\" \/>\n<meta property=\"article:modified_time\" content=\"2025-01-11T10:51:54+00:00\" \/>\n<meta name=\"twitter:card\" content=\"summary_large_image\" \/>\n<meta name=\"twitter:label1\" content=\"Dur\u00e9e de lecture estim\u00e9e\" \/>\n\t<meta name=\"twitter:data1\" content=\"2 minutes\" \/>\n<script type=\"application\/ld+json\" class=\"yoast-schema-graph\">{\"@context\":\"https:\\\/\\\/schema.org\",\"@graph\":[{\"@type\":\"WebPage\",\"@id\":\"https:\\\/\\\/digisa.net\\\/on-demand-website\\\/\",\"url\":\"https:\\\/\\\/digisa.net\\\/on-demand-website\\\/\",\"name\":\"On demand websites - digisa.net\",\"isPartOf\":{\"@id\":\"https:\\\/\\\/digisa.net\\\/fr\\\/#website\"},\"datePublished\":\"2024-09-21T19:49:08+00:00\",\"dateModified\":\"2025-01-11T10:51:54+00:00\",\"breadcrumb\":{\"@id\":\"https:\\\/\\\/digisa.net\\\/on-demand-website\\\/#breadcrumb\"},\"inLanguage\":\"fr-FR\",\"potentialAction\":[{\"@type\":\"ReadAction\",\"target\":[\"https:\\\/\\\/digisa.net\\\/on-demand-website\\\/\"]}]},{\"@type\":\"BreadcrumbList\",\"@id\":\"https:\\\/\\\/digisa.net\\\/on-demand-website\\\/#breadcrumb\",\"itemListElement\":[{\"@type\":\"ListItem\",\"position\":1,\"name\":\"Home\",\"item\":\"https:\\\/\\\/digisa.net\\\/fr\\\/\"},{\"@type\":\"ListItem\",\"position\":2,\"name\":\"On demand websites\"}]},{\"@type\":\"WebSite\",\"@id\":\"https:\\\/\\\/digisa.net\\\/fr\\\/#website\",\"url\":\"https:\\\/\\\/digisa.net\\\/fr\\\/\",\"name\":\"digisa.net\",\"description\":\"digital agancy\",\"potentialAction\":[{\"@type\":\"SearchAction\",\"target\":{\"@type\":\"EntryPoint\",\"urlTemplate\":\"https:\\\/\\\/digisa.net\\\/fr\\\/?s={search_term_string}\"},\"query-input\":{\"@type\":\"PropertyValueSpecification\",\"valueRequired\":true,\"valueName\":\"search_term_string\"}}],\"inLanguage\":\"fr-FR\"}]}<\/script>\n<!-- \/ Yoast SEO plugin. -->","yoast_head_json":{"title":"On demand websites - digisa.net","robots":{"index":"index","follow":"follow","max-snippet":"max-snippet:-1","max-image-preview":"max-image-preview:large","max-video-preview":"max-video-preview:-1"},"canonical":"https:\/\/digisa.net\/fr\/on-demand-website\/","og_locale":"fr_FR","og_type":"article","og_title":"On demand websites - digisa.net","og_description":"On-Demand Website Creation | Fast, Reliable, and Affordable Solutions from Digsa.net At Digisa.net, we understand [&hellip;]","og_url":"https:\/\/digisa.net\/fr\/on-demand-website\/","og_site_name":"digisa.net","article_modified_time":"2025-01-11T10:51:54+00:00","twitter_card":"summary_large_image","twitter_misc":{"Dur\u00e9e de lecture estim\u00e9e":"2 minutes"},"schema":{"@context":"https:\/\/schema.org","@graph":[{"@type":"WebPage","@id":"https:\/\/digisa.net\/on-demand-website\/","url":"https:\/\/digisa.net\/on-demand-website\/","name":"On demand websites - digisa.net","isPartOf":{"@id":"https:\/\/digisa.net\/fr\/#website"},"datePublished":"2024-09-21T19:49:08+00:00","dateModified":"2025-01-11T10:51:54+00:00","breadcrumb":{"@id":"https:\/\/digisa.net\/on-demand-website\/#breadcrumb"},"inLanguage":"fr-FR","potentialAction":[{"@type":"ReadAction","target":["https:\/\/digisa.net\/on-demand-website\/"]}]},{"@type":"BreadcrumbList","@id":"https:\/\/digisa.net\/on-demand-website\/#breadcrumb","itemListElement":[{"@type":"ListItem","position":1,"name":"Home","item":"https:\/\/digisa.net\/fr\/"},{"@type":"ListItem","position":2,"name":"On demand websites"}]},{"@type":"WebSite","@id":"https:\/\/digisa.net\/fr\/#website","url":"https:\/\/digisa.net\/fr\/","name":"digisa.net","description":"digital agancy","potentialAction":[{"@type":"SearchAction","target":{"@type":"EntryPoint","urlTemplate":"https:\/\/digisa.net\/fr\/?s={search_term_string}"},"query-input":{"@type":"PropertyValueSpecification","valueRequired":true,"valueName":"search_term_string"}}],"inLanguage":"fr-FR"}]}},"_links":{"self":[{"href":"https:\/\/digisa.net\/fr\/wp-json\/wp\/v2\/pages\/121","targetHints":{"allow":["GET"]}}],"collection":[{"href":"https:\/\/digisa.net\/fr\/wp-json\/wp\/v2\/pages"}],"about":[{"href":"https:\/\/digisa.net\/fr\/wp-json\/wp\/v2\/types\/page"}],"author":[{"embeddable":true,"href":"https:\/\/digisa.net\/fr\/wp-json\/wp\/v2\/users\/1"}],"replies":[{"embeddable":true,"href":"https:\/\/digisa.net\/fr\/wp-json\/wp\/v2\/comments?post=121"}],"version-history":[{"count":0,"href":"https:\/\/digisa.net\/fr\/wp-json\/wp\/v2\/pages\/121\/revisions"}],"wp:attachment":[{"href":"https:\/\/digisa.net\/fr\/wp-json\/wp\/v2\/media?parent=121"}],"curies":[{"name":"wp","href":"https:\/\/api.w.org\/{rel}","templated":true}]}}