{"id":83,"date":"2024-09-19T23:05:32","date_gmt":"2024-09-19T21:05:32","guid":{"rendered":"https:\/\/digisa.net\/?page_id=83"},"modified":"2024-09-19T23:16:07","modified_gmt":"2024-09-19T21:16:07","slug":"about-us","status":"publish","type":"page","link":"https:\/\/digisa.net\/es\/about-us\/","title":{"rendered":"La empresa"},"content":{"rendered":"<p style=\"padding-right:var(--wp--preset--spacing--60);padding-left:var(--wp--preset--spacing--60)\">Desde 2011, Digisa.net ha sido un socio confiable para empresas que buscan establecer una s\u00f3lida presencia en l\u00ednea. A nuestro equipo de expertos le apasiona crear soluciones digitales innovadoras que generen resultados.<\/p>\n\n\n\n<blockquote class=\"wp-block-quote is-layout-flow wp-container-core-quote-is-layout-8a368f38 wp-block-quote-is-layout-flow\">\n<p style=\"padding-right:var(--wp--preset--spacing--60);padding-left:var(--wp--preset--spacing--60)\"><strong>Nuestra historia<\/strong><\/p>\n<\/blockquote>\n\n\n\n<p style=\"padding-right:var(--wp--preset--spacing--60);padding-left:var(--wp--preset--spacing--60)\">Fundada sobre los principios de creatividad, innovaci\u00f3n y centralidad en el cliente, Digisa.net ha pasado de ser una peque\u00f1a empresa emergente a una agencia digital l\u00edder en [su ubicaci\u00f3n]. Nuestro viaje comenz\u00f3 con un objetivo simple: ayudar a las empresas a tener \u00e9xito en el panorama digital. A lo largo de los a\u00f1os, hemos tenido el privilegio de trabajar con una amplia gama de clientes, desde peque\u00f1as empresas emergentes hasta grandes empresas, y hemos desarrollado un profundo conocimiento de lo que se necesita para tener \u00e9xito en l\u00ednea.<\/p>\n\n\n\n<blockquote class=\"wp-block-quote is-layout-flow wp-container-core-quote-is-layout-8a368f38 wp-block-quote-is-layout-flow\">\n<p class=\"has-text-align-left\" style=\"padding-right:var(--wp--preset--spacing--60);padding-left:var(--wp--preset--spacing--60)\"><strong>Nuestros Servicios<\/strong><\/p>\n<\/blockquote>\n\n\n\n<p style=\"padding-right:var(--wp--preset--spacing--60);padding-left:var(--wp--preset--spacing--60)\">En Digisa.net ofrecemos una gama completa de servicios digitales dise\u00f1ados para ayudar a las empresas a alcanzar sus objetivos. Nuestros servicios incluyen: * Dise\u00f1o de sitios web: Dise\u00f1amos y desarrollamos sitios web personalizados que son visualmente impresionantes, f\u00e1ciles de usar y optimizados para motores de b\u00fasqueda. * Administraci\u00f3n del sitio web: nuestro equipo brinda mantenimiento y actualizaciones continuos para garantizar que su sitio web permanezca seguro, r\u00e1pido y actualizado. * Marketing digital: ayudamos a los clientes a promover su presencia en l\u00ednea a trav\u00e9s de varios canales digitales, incluidas las redes sociales, SEO y publicidad PPC. * Gesti\u00f3n de sitios web: Tambi\u00e9n gestionamos los sitios web de los clientes, brindando soporte t\u00e9cnico, actualizaciones de contenido y seguimiento anal\u00edtico.<\/p>\n\n\n\n<blockquote class=\"wp-block-quote is-layout-flow wp-container-core-quote-is-layout-8a368f38 wp-block-quote-is-layout-flow\">\n<p class=\"has-text-align-left\" style=\"padding-right:var(--wp--preset--spacing--60);padding-left:var(--wp--preset--spacing--60)\"><strong>Nuestros valores<\/strong><\/p>\n<\/blockquote>\n\n\n\n<p style=\"padding-right:var(--wp--preset--spacing--60);padding-left:var(--wp--preset--spacing--60)\">En Digisa.net, estamos comprometidos a ofrecer resultados excepcionales, construir relaciones a largo plazo y mantenernos a la vanguardia en un panorama digital en constante cambio. Nuestros valores incluyen: * Creatividad: Creemos que el pensamiento innovador y la resoluci\u00f3n creativa de problemas son esenciales para lograr resultados excepcionales. * Enfoque en el cliente: Ponemos a nuestros clientes en el centro de todo lo que hacemos, asegurando que sus necesidades y objetivos sean siempre nuestra principal prioridad. *Colaboraci\u00f3n: Creemos que el trabajo en equipo y la comunicaci\u00f3n abierta son esenciales para lograr resultados excepcionales y construir relaciones s\u00f3lidas. * Integridad: Estamos comprometidos con la transparencia, la honestidad y la equidad en todas nuestras relaciones con nuestros clientes y socios.  <\/p>\n\n\n\n<blockquote class=\"wp-block-quote is-layout-flow wp-container-core-quote-is-layout-8a368f38 wp-block-quote-is-layout-flow\">\n<p class=\"has-text-align-left\" style=\"padding-right:var(--wp--preset--spacing--60);padding-left:var(--wp--preset--spacing--60)\"><strong>Conoce a nuestro equipo<\/strong><\/p>\n<\/blockquote>\n\n\n\n<p style=\"padding-right:var(--wp--preset--spacing--60);padding-left:var(--wp--preset--spacing--60)\">Nuestro equipo de expertos siente pasi\u00f3n por el marketing digital y se esfuerza por lograr resultados excepcionales. Con una experiencia combinada de [n\u00famero] a\u00f1os, hemos desarrollado un profundo conocimiento de lo que se necesita para tener \u00e9xito en l\u00ednea. Conozca a los miembros de nuestro equipo y aprenda m\u00e1s sobre sus \u00e1reas de especializaci\u00f3n.<\/p>\n\n\n\n<blockquote class=\"wp-block-quote is-layout-flow wp-container-core-quote-is-layout-8a368f38 wp-block-quote-is-layout-flow\">\n<p class=\"has-text-align-left\" style=\"padding-right:var(--wp--preset--spacing--60);padding-left:var(--wp--preset--spacing--60)\"><strong>Ponte en contacto<\/strong><\/p>\n<\/blockquote>\n\n\n\n<p style=\"padding-right:var(--wp--preset--spacing--60);padding-left:var(--wp--preset--spacing--60)\">\u00bfListo para llevar su negocio al siguiente nivel? Cont\u00e1ctenos hoy para obtener m\u00e1s informaci\u00f3n sobre nuestros servicios y c\u00f3mo podemos ayudarlo a alcanzar sus objetivos.<\/p>","protected":false},"excerpt":{"rendered":"<p>Since 2011, Digisa.net has been a trusted partner for businesses looking to establish a strong [&hellip;]<\/p>","protected":false},"author":1,"featured_media":0,"parent":0,"menu_order":0,"comment_status":"closed","ping_status":"closed","template":"","meta":{"footnotes":""},"class_list":["post-83","page","type-page","status-publish","hentry"],"yoast_head":"<!-- This site is optimized with the Yoast SEO plugin v27.5 - https:\/\/yoast.com\/product\/yoast-seo-wordpress\/ -->\n<title>About us - digisa.net<\/title>\n<meta name=\"robots\" content=\"index, follow, max-snippet:-1, max-image-preview:large, max-video-preview:-1\" \/>\n<link rel=\"canonical\" href=\"https:\/\/digisa.net\/es\/about-us\/\" \/>\n<meta property=\"og:locale\" content=\"es_ES\" \/>\n<meta property=\"og:type\" content=\"article\" \/>\n<meta property=\"og:title\" content=\"About us - digisa.net\" \/>\n<meta property=\"og:description\" content=\"Since 2011, Digisa.net has been a trusted partner for businesses looking to establish a strong [&hellip;]\" \/>\n<meta property=\"og:url\" content=\"https:\/\/digisa.net\/es\/about-us\/\" \/>\n<meta property=\"og:site_name\" content=\"digisa.net\" \/>\n<meta property=\"article:modified_time\" content=\"2024-09-19T21:16:07+00:00\" \/>\n<meta name=\"twitter:card\" content=\"summary_large_image\" \/>\n<meta name=\"twitter:label1\" content=\"Tiempo de lectura\" \/>\n\t<meta name=\"twitter:data1\" content=\"2 minutos\" \/>\n<script type=\"application\/ld+json\" class=\"yoast-schema-graph\">{\"@context\":\"https:\\\/\\\/schema.org\",\"@graph\":[{\"@type\":\"WebPage\",\"@id\":\"https:\\\/\\\/digisa.net\\\/about-us\\\/\",\"url\":\"https:\\\/\\\/digisa.net\\\/about-us\\\/\",\"name\":\"About us - digisa.net\",\"isPartOf\":{\"@id\":\"https:\\\/\\\/digisa.net\\\/fr\\\/#website\"},\"datePublished\":\"2024-09-19T21:05:32+00:00\",\"dateModified\":\"2024-09-19T21:16:07+00:00\",\"breadcrumb\":{\"@id\":\"https:\\\/\\\/digisa.net\\\/about-us\\\/#breadcrumb\"},\"inLanguage\":\"es\",\"potentialAction\":[{\"@type\":\"ReadAction\",\"target\":[\"https:\\\/\\\/digisa.net\\\/about-us\\\/\"]}]},{\"@type\":\"BreadcrumbList\",\"@id\":\"https:\\\/\\\/digisa.net\\\/about-us\\\/#breadcrumb\",\"itemListElement\":[{\"@type\":\"ListItem\",\"position\":1,\"name\":\"Home\",\"item\":\"https:\\\/\\\/digisa.net\\\/fr\\\/\"},{\"@type\":\"ListItem\",\"position\":2,\"name\":\"About us\"}]},{\"@type\":\"WebSite\",\"@id\":\"https:\\\/\\\/digisa.net\\\/fr\\\/#website\",\"url\":\"https:\\\/\\\/digisa.net\\\/fr\\\/\",\"name\":\"digisa.net\",\"description\":\"digital agancy\",\"potentialAction\":[{\"@type\":\"SearchAction\",\"target\":{\"@type\":\"EntryPoint\",\"urlTemplate\":\"https:\\\/\\\/digisa.net\\\/fr\\\/?s={search_term_string}\"},\"query-input\":{\"@type\":\"PropertyValueSpecification\",\"valueRequired\":true,\"valueName\":\"search_term_string\"}}],\"inLanguage\":\"es\"}]}<\/script>\n<!-- \/ Yoast SEO plugin. -->","yoast_head_json":{"title":"About us - digisa.net","robots":{"index":"index","follow":"follow","max-snippet":"max-snippet:-1","max-image-preview":"max-image-preview:large","max-video-preview":"max-video-preview:-1"},"canonical":"https:\/\/digisa.net\/es\/about-us\/","og_locale":"es_ES","og_type":"article","og_title":"About us - digisa.net","og_description":"Since 2011, Digisa.net has been a trusted partner for businesses looking to establish a strong [&hellip;]","og_url":"https:\/\/digisa.net\/es\/about-us\/","og_site_name":"digisa.net","article_modified_time":"2024-09-19T21:16:07+00:00","twitter_card":"summary_large_image","twitter_misc":{"Tiempo de lectura":"2 minutos"},"schema":{"@context":"https:\/\/schema.org","@graph":[{"@type":"WebPage","@id":"https:\/\/digisa.net\/about-us\/","url":"https:\/\/digisa.net\/about-us\/","name":"About us - digisa.net","isPartOf":{"@id":"https:\/\/digisa.net\/fr\/#website"},"datePublished":"2024-09-19T21:05:32+00:00","dateModified":"2024-09-19T21:16:07+00:00","breadcrumb":{"@id":"https:\/\/digisa.net\/about-us\/#breadcrumb"},"inLanguage":"es","potentialAction":[{"@type":"ReadAction","target":["https:\/\/digisa.net\/about-us\/"]}]},{"@type":"BreadcrumbList","@id":"https:\/\/digisa.net\/about-us\/#breadcrumb","itemListElement":[{"@type":"ListItem","position":1,"name":"Home","item":"https:\/\/digisa.net\/fr\/"},{"@type":"ListItem","position":2,"name":"About us"}]},{"@type":"WebSite","@id":"https:\/\/digisa.net\/fr\/#website","url":"https:\/\/digisa.net\/fr\/","name":"digisa.net","description":"digital agancy","potentialAction":[{"@type":"SearchAction","target":{"@type":"EntryPoint","urlTemplate":"https:\/\/digisa.net\/fr\/?s={search_term_string}"},"query-input":{"@type":"PropertyValueSpecification","valueRequired":true,"valueName":"search_term_string"}}],"inLanguage":"es"}]}},"_links":{"self":[{"href":"https:\/\/digisa.net\/es\/wp-json\/wp\/v2\/pages\/83","targetHints":{"allow":["GET"]}}],"collection":[{"href":"https:\/\/digisa.net\/es\/wp-json\/wp\/v2\/pages"}],"about":[{"href":"https:\/\/digisa.net\/es\/wp-json\/wp\/v2\/types\/page"}],"author":[{"embeddable":true,"href":"https:\/\/digisa.net\/es\/wp-json\/wp\/v2\/users\/1"}],"replies":[{"embeddable":true,"href":"https:\/\/digisa.net\/es\/wp-json\/wp\/v2\/comments?post=83"}],"version-history":[{"count":0,"href":"https:\/\/digisa.net\/es\/wp-json\/wp\/v2\/pages\/83\/revisions"}],"wp:attachment":[{"href":"https:\/\/digisa.net\/es\/wp-json\/wp\/v2\/media?parent=83"}],"curies":[{"name":"wp","href":"https:\/\/api.w.org\/{rel}","templated":true}]}}