{"id":121,"date":"2024-09-21T21:49:08","date_gmt":"2024-09-21T19:49:08","guid":{"rendered":"https:\/\/digisa.net\/?page_id=121"},"modified":"2025-01-11T11:51:54","modified_gmt":"2025-01-11T10:51:54","slug":"on-demand-website","status":"publish","type":"page","link":"https:\/\/digisa.net\/es\/on-demand-website\/","title":{"rendered":"Sitios web bajo demanda"},"content":{"rendered":"<div class=\"wp-block-group is-layout-constrained wp-container-core-group-is-layout-c8ee93ac wp-block-group-is-layout-constrained\" style=\"padding-right:var(--wp--preset--spacing--70);padding-left:var(--wp--preset--spacing--70)\">\n<h2 class=\"wp-block-heading has-text-align-center\" style=\"padding-right:var(--wp--preset--spacing--50);padding-left:var(--wp--preset--spacing--50)\"><strong>Creaci\u00f3n de sitios web bajo demanda | Soluciones r\u00e1pidas, confiables y asequibles de Digsa.net<\/strong><\/h2>\n\n\n\n<p style=\"padding-right:var(--wp--preset--spacing--20);padding-left:var(--wp--preset--spacing--20)\">En Digisa.net, entendemos la importancia de tener un sitio web profesional que represente con precisi\u00f3n su marca y lo ayude a conectarse con su p\u00fablico objetivo. Es por eso que ofrecemos servicios de creaci\u00f3n de sitios web bajo demanda que satisfacen sus necesidades y objetivos \u00fanicos.<\/p>\n\n\n\n<p><strong>Por qu\u00e9 elegir Digisa.net para las necesidades de su sitio web:<\/strong><\/p>\n\n\n\n<ul class=\"wp-block-list\">\n<li><strong>Pericia:<\/strong>&nbsp;Nuestro equipo de desarrolladores y dise\u00f1adores web experimentados tiene un profundo conocimiento de las \u00faltimas tecnolog\u00edas y tendencias web, lo que garantiza que su sitio web est\u00e9 construido con las mejores pr\u00e1cticas m\u00e1s recientes.<\/li>\n\n\n\n<li><strong>Flexibilidad:<\/strong>&nbsp;Ofrecemos una variedad de plantillas de sitios web y opciones de personalizaci\u00f3n para satisfacer sus necesidades y preferencias espec\u00edficas.<\/li>\n\n\n\n<li><strong>Velocidad:<\/strong>&nbsp;Nuestro servicio de creaci\u00f3n de sitios web bajo demanda garantiza que su sitio web est\u00e9 en funcionamiento r\u00e1pidamente, sin comprometer la calidad.<\/li>\n\n\n\n<li><strong>Asequibilidad:<\/strong>&nbsp;Ofrecemos precios competitivos sin comprometer la calidad de nuestros servicios.<\/li>\n<\/ul>\n\n\n\n<p><strong>Nuestra experiencia en la creaci\u00f3n de sitios web:<\/strong><\/p>\n\n\n\n<p>En Digisa.net tenemos una amplia experiencia en la creaci\u00f3n de sitios web para diversos sectores e industrias. Nuestro equipo est\u00e1 bien versado en las \u00faltimas tecnolog\u00edas de desarrollo web, incluidas HTML5, CSS3, JavaScript y m\u00e1s. Tambi\u00e9n tenemos experiencia en sistemas de gesti\u00f3n de contenidos (CMS) como WordPress, Joomla y Drupal.<\/p>\n\n\n\n<p><strong>Beneficios de nuestro servicio de creaci\u00f3n de sitios web bajo demanda:<\/strong><\/p>\n\n\n\n<ul class=\"wp-block-list\">\n<li><strong>Mayor visibilidad en l\u00ednea:<\/strong>&nbsp;Un sitio web profesional le ayuda a establecer una s\u00f3lida presencia en l\u00ednea, aumentando su visibilidad y credibilidad.<\/li>\n\n\n\n<li><strong>Experiencia de usuario mejorada:<\/strong>&nbsp;Nuestros sitios web est\u00e1n dise\u00f1ados para brindar una experiencia de usuario perfecta, garantizando que sus visitantes se mantengan interesados \u200b\u200by convertidos.<\/li>\n\n\n\n<li><strong>Rentable:<\/strong>&nbsp;Nuestro servicio de creaci\u00f3n de sitios web bajo demanda es rentable y no compromete la calidad.<\/li>\n\n\n\n<li><strong>Escalabilidad:<\/strong>&nbsp;Nuestros sitios web est\u00e1n dise\u00f1ados para ser escalables, lo que le permite agregar o eliminar funciones f\u00e1cilmente a medida que crece su negocio.<\/li>\n<\/ul>\n\n\n\n<h4 class=\"wp-block-heading has-text-align-center\">\u00bfEst\u00e1 listo para lanzar su proyecto de creaci\u00f3n de sitio web personalizado? \u00a1Cont\u00e1ctanos hoy mismo para discutir sus necesidades y obtener un presupuesto!<\/h4>\n\n\n\n<div class=\"wp-block-buttons is-content-justification-center is-layout-flex wp-container-core-buttons-is-layout-a89b3969 wp-block-buttons-is-layout-flex\">\n<div class=\"wp-block-button\"><a class=\"wp-block-button__link has-text-align-left wp-element-button\" href=\"https:\/\/digisa.net\/es\/contact-us\/\">Cont\u00e1ctenos<\/a><\/div>\n<\/div>\n<\/div>","protected":false},"excerpt":{"rendered":"<p>On-Demand Website Creation | Fast, Reliable, and Affordable Solutions from Digsa.net At Digisa.net, we understand [&hellip;]<\/p>","protected":false},"author":1,"featured_media":0,"parent":0,"menu_order":0,"comment_status":"closed","ping_status":"closed","template":"","meta":{"footnotes":""},"class_list":["post-121","page","type-page","status-publish","hentry"],"yoast_head":"<!-- This site is optimized with the Yoast SEO plugin v27.5 - https:\/\/yoast.com\/product\/yoast-seo-wordpress\/ -->\n<title>On demand websites - digisa.net<\/title>\n<meta name=\"robots\" content=\"index, follow, max-snippet:-1, max-image-preview:large, max-video-preview:-1\" \/>\n<link rel=\"canonical\" href=\"https:\/\/digisa.net\/es\/on-demand-website\/\" \/>\n<meta property=\"og:locale\" content=\"es_ES\" \/>\n<meta property=\"og:type\" content=\"article\" \/>\n<meta property=\"og:title\" content=\"On demand websites - digisa.net\" \/>\n<meta property=\"og:description\" content=\"On-Demand Website Creation | Fast, Reliable, and Affordable Solutions from Digsa.net At Digisa.net, we understand [&hellip;]\" \/>\n<meta property=\"og:url\" content=\"https:\/\/digisa.net\/es\/on-demand-website\/\" \/>\n<meta property=\"og:site_name\" content=\"digisa.net\" \/>\n<meta property=\"article:modified_time\" content=\"2025-01-11T10:51:54+00:00\" \/>\n<meta name=\"twitter:card\" content=\"summary_large_image\" \/>\n<meta name=\"twitter:label1\" content=\"Tiempo de lectura\" \/>\n\t<meta name=\"twitter:data1\" content=\"2 minutos\" \/>\n<script type=\"application\/ld+json\" class=\"yoast-schema-graph\">{\"@context\":\"https:\\\/\\\/schema.org\",\"@graph\":[{\"@type\":\"WebPage\",\"@id\":\"https:\\\/\\\/digisa.net\\\/on-demand-website\\\/\",\"url\":\"https:\\\/\\\/digisa.net\\\/on-demand-website\\\/\",\"name\":\"On demand websites - digisa.net\",\"isPartOf\":{\"@id\":\"https:\\\/\\\/digisa.net\\\/fr\\\/#website\"},\"datePublished\":\"2024-09-21T19:49:08+00:00\",\"dateModified\":\"2025-01-11T10:51:54+00:00\",\"breadcrumb\":{\"@id\":\"https:\\\/\\\/digisa.net\\\/on-demand-website\\\/#breadcrumb\"},\"inLanguage\":\"es\",\"potentialAction\":[{\"@type\":\"ReadAction\",\"target\":[\"https:\\\/\\\/digisa.net\\\/on-demand-website\\\/\"]}]},{\"@type\":\"BreadcrumbList\",\"@id\":\"https:\\\/\\\/digisa.net\\\/on-demand-website\\\/#breadcrumb\",\"itemListElement\":[{\"@type\":\"ListItem\",\"position\":1,\"name\":\"Home\",\"item\":\"https:\\\/\\\/digisa.net\\\/fr\\\/\"},{\"@type\":\"ListItem\",\"position\":2,\"name\":\"On demand websites\"}]},{\"@type\":\"WebSite\",\"@id\":\"https:\\\/\\\/digisa.net\\\/fr\\\/#website\",\"url\":\"https:\\\/\\\/digisa.net\\\/fr\\\/\",\"name\":\"digisa.net\",\"description\":\"digital agancy\",\"potentialAction\":[{\"@type\":\"SearchAction\",\"target\":{\"@type\":\"EntryPoint\",\"urlTemplate\":\"https:\\\/\\\/digisa.net\\\/fr\\\/?s={search_term_string}\"},\"query-input\":{\"@type\":\"PropertyValueSpecification\",\"valueRequired\":true,\"valueName\":\"search_term_string\"}}],\"inLanguage\":\"es\"}]}<\/script>\n<!-- \/ Yoast SEO plugin. -->","yoast_head_json":{"title":"On demand websites - digisa.net","robots":{"index":"index","follow":"follow","max-snippet":"max-snippet:-1","max-image-preview":"max-image-preview:large","max-video-preview":"max-video-preview:-1"},"canonical":"https:\/\/digisa.net\/es\/on-demand-website\/","og_locale":"es_ES","og_type":"article","og_title":"On demand websites - digisa.net","og_description":"On-Demand Website Creation | Fast, Reliable, and Affordable Solutions from Digsa.net At Digisa.net, we understand [&hellip;]","og_url":"https:\/\/digisa.net\/es\/on-demand-website\/","og_site_name":"digisa.net","article_modified_time":"2025-01-11T10:51:54+00:00","twitter_card":"summary_large_image","twitter_misc":{"Tiempo de lectura":"2 minutos"},"schema":{"@context":"https:\/\/schema.org","@graph":[{"@type":"WebPage","@id":"https:\/\/digisa.net\/on-demand-website\/","url":"https:\/\/digisa.net\/on-demand-website\/","name":"On demand websites - digisa.net","isPartOf":{"@id":"https:\/\/digisa.net\/fr\/#website"},"datePublished":"2024-09-21T19:49:08+00:00","dateModified":"2025-01-11T10:51:54+00:00","breadcrumb":{"@id":"https:\/\/digisa.net\/on-demand-website\/#breadcrumb"},"inLanguage":"es","potentialAction":[{"@type":"ReadAction","target":["https:\/\/digisa.net\/on-demand-website\/"]}]},{"@type":"BreadcrumbList","@id":"https:\/\/digisa.net\/on-demand-website\/#breadcrumb","itemListElement":[{"@type":"ListItem","position":1,"name":"Home","item":"https:\/\/digisa.net\/fr\/"},{"@type":"ListItem","position":2,"name":"On demand websites"}]},{"@type":"WebSite","@id":"https:\/\/digisa.net\/fr\/#website","url":"https:\/\/digisa.net\/fr\/","name":"digisa.net","description":"digital agancy","potentialAction":[{"@type":"SearchAction","target":{"@type":"EntryPoint","urlTemplate":"https:\/\/digisa.net\/fr\/?s={search_term_string}"},"query-input":{"@type":"PropertyValueSpecification","valueRequired":true,"valueName":"search_term_string"}}],"inLanguage":"es"}]}},"_links":{"self":[{"href":"https:\/\/digisa.net\/es\/wp-json\/wp\/v2\/pages\/121","targetHints":{"allow":["GET"]}}],"collection":[{"href":"https:\/\/digisa.net\/es\/wp-json\/wp\/v2\/pages"}],"about":[{"href":"https:\/\/digisa.net\/es\/wp-json\/wp\/v2\/types\/page"}],"author":[{"embeddable":true,"href":"https:\/\/digisa.net\/es\/wp-json\/wp\/v2\/users\/1"}],"replies":[{"embeddable":true,"href":"https:\/\/digisa.net\/es\/wp-json\/wp\/v2\/comments?post=121"}],"version-history":[{"count":0,"href":"https:\/\/digisa.net\/es\/wp-json\/wp\/v2\/pages\/121\/revisions"}],"wp:attachment":[{"href":"https:\/\/digisa.net\/es\/wp-json\/wp\/v2\/media?parent=121"}],"curies":[{"name":"wp","href":"https:\/\/api.w.org\/{rel}","templated":true}]}}