{"id":10,"date":"2024-09-15T23:31:50","date_gmt":"2024-09-15T21:31:50","guid":{"rendered":"https:\/\/digisa.net\/?page_id=10"},"modified":"2024-09-20T12:50:18","modified_gmt":"2024-09-20T10:50:18","slug":"identity-design","status":"publish","type":"page","link":"https:\/\/digisa.net\/es\/identity-design\/","title":{"rendered":"Dise\u00f1o de identidad"},"content":{"rendered":"<p style=\"padding-right:var(--wp--preset--spacing--70);padding-left:var(--wp--preset--spacing--70)\">Si su marca fuera una persona, su identidad definir\u00eda su apariencia, su mensaje, c\u00f3mo interact\u00faa con los dem\u00e1s y sus objetivos. Por eso es fundamental definir correctamente la identidad de marca. Comunica la historia de su marca y garantiza que su mensaje sea coherente en m\u00faltiples canales, desde su sitio web hasta publicidad digital, eventos en vivo y m\u00e1s.<\/p>","protected":false},"excerpt":{"rendered":"<p>If your brand were a person, then your brand identity would define what it looks [&hellip;]<\/p>","protected":false},"author":1,"featured_media":0,"parent":0,"menu_order":0,"comment_status":"closed","ping_status":"closed","template":"","meta":{"footnotes":""},"class_list":["post-10","page","type-page","status-publish","hentry"],"yoast_head":"<!-- This site is optimized with the Yoast SEO plugin v27.5 - https:\/\/yoast.com\/product\/yoast-seo-wordpress\/ -->\n<title>Identity design - digisa.net<\/title>\n<meta name=\"robots\" content=\"index, follow, max-snippet:-1, max-image-preview:large, max-video-preview:-1\" \/>\n<link rel=\"canonical\" href=\"https:\/\/digisa.net\/es\/identity-design\/\" \/>\n<meta property=\"og:locale\" content=\"es_ES\" \/>\n<meta property=\"og:type\" content=\"article\" \/>\n<meta property=\"og:title\" content=\"Identity design - digisa.net\" \/>\n<meta property=\"og:description\" content=\"If your brand were a person, then your brand identity would define what it looks [&hellip;]\" \/>\n<meta property=\"og:url\" content=\"https:\/\/digisa.net\/es\/identity-design\/\" \/>\n<meta property=\"og:site_name\" content=\"digisa.net\" \/>\n<meta property=\"article:modified_time\" content=\"2024-09-20T10:50:18+00:00\" \/>\n<meta name=\"twitter:card\" content=\"summary_large_image\" \/>\n<script type=\"application\/ld+json\" class=\"yoast-schema-graph\">{\"@context\":\"https:\\\/\\\/schema.org\",\"@graph\":[{\"@type\":\"WebPage\",\"@id\":\"https:\\\/\\\/digisa.net\\\/identity-design\\\/\",\"url\":\"https:\\\/\\\/digisa.net\\\/identity-design\\\/\",\"name\":\"Identity design - digisa.net\",\"isPartOf\":{\"@id\":\"https:\\\/\\\/digisa.net\\\/fr\\\/#website\"},\"datePublished\":\"2024-09-15T21:31:50+00:00\",\"dateModified\":\"2024-09-20T10:50:18+00:00\",\"breadcrumb\":{\"@id\":\"https:\\\/\\\/digisa.net\\\/identity-design\\\/#breadcrumb\"},\"inLanguage\":\"es\",\"potentialAction\":[{\"@type\":\"ReadAction\",\"target\":[\"https:\\\/\\\/digisa.net\\\/identity-design\\\/\"]}]},{\"@type\":\"BreadcrumbList\",\"@id\":\"https:\\\/\\\/digisa.net\\\/identity-design\\\/#breadcrumb\",\"itemListElement\":[{\"@type\":\"ListItem\",\"position\":1,\"name\":\"Home\",\"item\":\"https:\\\/\\\/digisa.net\\\/fr\\\/\"},{\"@type\":\"ListItem\",\"position\":2,\"name\":\"Identity design\"}]},{\"@type\":\"WebSite\",\"@id\":\"https:\\\/\\\/digisa.net\\\/fr\\\/#website\",\"url\":\"https:\\\/\\\/digisa.net\\\/fr\\\/\",\"name\":\"digisa.net\",\"description\":\"digital agancy\",\"potentialAction\":[{\"@type\":\"SearchAction\",\"target\":{\"@type\":\"EntryPoint\",\"urlTemplate\":\"https:\\\/\\\/digisa.net\\\/fr\\\/?s={search_term_string}\"},\"query-input\":{\"@type\":\"PropertyValueSpecification\",\"valueRequired\":true,\"valueName\":\"search_term_string\"}}],\"inLanguage\":\"es\"}]}<\/script>\n<!-- \/ Yoast SEO plugin. -->","yoast_head_json":{"title":"Identity design - digisa.net","robots":{"index":"index","follow":"follow","max-snippet":"max-snippet:-1","max-image-preview":"max-image-preview:large","max-video-preview":"max-video-preview:-1"},"canonical":"https:\/\/digisa.net\/es\/identity-design\/","og_locale":"es_ES","og_type":"article","og_title":"Identity design - digisa.net","og_description":"If your brand were a person, then your brand identity would define what it looks [&hellip;]","og_url":"https:\/\/digisa.net\/es\/identity-design\/","og_site_name":"digisa.net","article_modified_time":"2024-09-20T10:50:18+00:00","twitter_card":"summary_large_image","schema":{"@context":"https:\/\/schema.org","@graph":[{"@type":"WebPage","@id":"https:\/\/digisa.net\/identity-design\/","url":"https:\/\/digisa.net\/identity-design\/","name":"Identity design - digisa.net","isPartOf":{"@id":"https:\/\/digisa.net\/fr\/#website"},"datePublished":"2024-09-15T21:31:50+00:00","dateModified":"2024-09-20T10:50:18+00:00","breadcrumb":{"@id":"https:\/\/digisa.net\/identity-design\/#breadcrumb"},"inLanguage":"es","potentialAction":[{"@type":"ReadAction","target":["https:\/\/digisa.net\/identity-design\/"]}]},{"@type":"BreadcrumbList","@id":"https:\/\/digisa.net\/identity-design\/#breadcrumb","itemListElement":[{"@type":"ListItem","position":1,"name":"Home","item":"https:\/\/digisa.net\/fr\/"},{"@type":"ListItem","position":2,"name":"Identity design"}]},{"@type":"WebSite","@id":"https:\/\/digisa.net\/fr\/#website","url":"https:\/\/digisa.net\/fr\/","name":"digisa.net","description":"digital agancy","potentialAction":[{"@type":"SearchAction","target":{"@type":"EntryPoint","urlTemplate":"https:\/\/digisa.net\/fr\/?s={search_term_string}"},"query-input":{"@type":"PropertyValueSpecification","valueRequired":true,"valueName":"search_term_string"}}],"inLanguage":"es"}]}},"_links":{"self":[{"href":"https:\/\/digisa.net\/es\/wp-json\/wp\/v2\/pages\/10","targetHints":{"allow":["GET"]}}],"collection":[{"href":"https:\/\/digisa.net\/es\/wp-json\/wp\/v2\/pages"}],"about":[{"href":"https:\/\/digisa.net\/es\/wp-json\/wp\/v2\/types\/page"}],"author":[{"embeddable":true,"href":"https:\/\/digisa.net\/es\/wp-json\/wp\/v2\/users\/1"}],"replies":[{"embeddable":true,"href":"https:\/\/digisa.net\/es\/wp-json\/wp\/v2\/comments?post=10"}],"version-history":[{"count":0,"href":"https:\/\/digisa.net\/es\/wp-json\/wp\/v2\/pages\/10\/revisions"}],"wp:attachment":[{"href":"https:\/\/digisa.net\/es\/wp-json\/wp\/v2\/media?parent=10"}],"curies":[{"name":"wp","href":"https:\/\/api.w.org\/{rel}","templated":true}]}}